{"id":91,"date":"2019-04-05T14:21:33","date_gmt":"2019-04-05T12:21:33","guid":{"rendered":"https:\/\/waldoradofestival.de\/2019\/?page_id=91"},"modified":"2019-07-18T13:24:17","modified_gmt":"2019-07-18T11:24:17","slug":"impressum","status":"publish","type":"page","link":"https:\/\/waldoradofestival.de\/2019\/impressum\/","title":{"rendered":"Impressum"},"content":{"rendered":"<p>[vc_row][vc_column width=&#8220;1\/6&#8243;][\/vc_column][vc_column content_placement=&#8220;middle&#8220; text_alignment=&#8220;center&#8220; width=&#8220;2\/3&#8243; shift_x=&#8220;0&#8243; shift_y=&#8220;0&#8243; z_index=&#8220;0&#8243;][vc_wp_text]<\/p>\n<h1 style=\"text-align: center;\">Impressum<\/h1>\n<p>[\/vc_wp_text][vc_column_text]<\/p>\n<h2><span style=\"color: #ffffff;\">Verantwortlich f\u00fcr den Inhalt<\/span><\/h2>\n<p>F\u00f6rdergesellschaft Kunst- und Familienhaus Waldsieversdorf \/ Berlin e.V.<br \/>\nVorstand: Irmelin Beringer, Henner Winckler<br \/>\nGeschwister-Scholl-Stra\u00dfe 12<br \/>\n15377 Waldsieversdorf<br \/>\n0170 &#8211; 8140506[\/vc_column_text][\/vc_column][vc_column width=&#8220;1\/6&#8243;][\/vc_column][\/vc_row][vc_row][vc_column width=&#8220;1\/6&#8243;][\/vc_column][vc_column content_placement=&#8220;middle&#8220; text_alignment=&#8220;center&#8220; width=&#8220;2\/3&#8243; shift_x=&#8220;0&#8243; shift_y=&#8220;0&#8243; z_index=&#8220;0&#8243;][vc_column_text]<\/p>\n<h2>Haftung f\u00fcr Inhalte<\/h2>\n<p>Als Diensteanbieter sind wir gem\u00e4\u00df \u00a7 7 Abs.1 TMG f\u00fcr eigene Inhalte auf diesen Seiten nach den allgemeinen Gesetzen verantwortlich. Nach \u00a7\u00a7 8 bis 10 TMG sind wir als Diensteanbieter jedoch nicht verpflichtet, \u00fcbermittelte oder gespeicherte fremde Informationen zu \u00fcberwachen oder nach Umst\u00e4nden zu forschen, die auf eine rechtswidrige T\u00e4tigkeit hinweisen.<\/p>\n<p>Verpflichtungen zur Entfernung oder Sperrung der Nutzung von Informationen nach den allgemeinen Gesetzen bleiben hiervon unber\u00fchrt. Eine diesbez\u00fcgliche Haftung ist jedoch erst ab dem Zeitpunkt der Kenntnis einer konkreten Rechtsverletzung m\u00f6glich. Bei Bekanntwerden von entsprechenden Rechtsverletzungen werden wir diese Inhalte umgehend entfernen.<\/p>\n<h2><span style=\"color: #ffffff;\">Haftung f\u00fcr Links<\/span><\/h2>\n<p>Unser Angebot enth\u00e4lt Links zu externen Websites Dritter, auf deren Inhalte wir keinen Einfluss haben. Deshalb k\u00f6nnen wir f\u00fcr diese fremden Inhalte auch keine Gew\u00e4hr \u00fcbernehmen. F\u00fcr die Inhalte der verlinkten Seiten ist stets der jeweilige Anbieter oder Betreiber der Seiten verantwortlich. Die verlinkten Seiten wurden zum Zeitpunkt der Verlinkung auf m\u00f6gliche Rechtsverst\u00f6\u00dfe \u00fcberpr\u00fcft. Rechtswidrige Inhalte waren zum Zeitpunkt der Verlinkung nicht erkennbar.<\/p>\n<p>Eine permanente inhaltliche Kontrolle der verlinkten Seiten ist jedoch ohne konkrete Anhaltspunkte einer Rechtsverletzung nicht zumutbar. Bei Bekanntwerden von Rechtsverletzungen werden wir derartige Links umgehend entfernen.<\/p>\n<h2><span style=\"color: #ffffff;\">Urheberrecht<\/span><\/h2>\n<p>Die durch die Seitenbetreiber erstellten Inhalte und Werke auf\u00a0 diesen Seiten unterliegen dem deutschen Urheberrecht. Die Vervielf\u00e4ltigung, Bearbeitung,<br \/>\nVerbreitung und jede Art der Verwertung au\u00dferhalb der Grenzen des Urheberrechtes bed\u00fcrfen der schriftlichen Zustimmung des jeweiligen Autors bzw. Erstellers. Downloads und Kopien dieser Seite sind nur f\u00fcr den privaten, nicht kommerziellen Gebrauch gestattet.<\/p>\n<p>Soweit die Inhalte auf dieser Seite nicht vom Betreiber erstellt wurden, werden die Urheberrechte Dritter beachtet. Insbesondere werden Inhalte Dritter als solche gekennzeichnet. Sollten Sie trotzdem auf eine Urheberrechtsverletzung aufmerksam werden, bitten wir um einen entsprechenden Hinweis. Bei Bekanntwerden von Rechtsverletzungen werden wir derartige Inhalte umgehend entfernen.<\/p>\n<p>Quelle:\u00a0<a href=\"https:\/\/www.e-recht24.de\/\">https:\/\/www.e-recht24.de<\/a><\/p>\n<p>\u00a9 2019 F\u00f6rdergesellschaft Kunst- und Familienhaus Waldsieversdorf \/ Berlin e.V.. Alle Rechte vorbehalten.<br \/>\nJegliche Vervielf\u00e4ltigung oder Weiterverbreitung als Ganzes oder in Teilen bedarf der schriftlichen Zustimmung des Rechte-Inhabers.[\/vc_column_text][\/vc_column][vc_column width=&#8220;1\/6&#8243;][\/vc_column][\/vc_row]<\/p>\n","protected":false},"excerpt":{"rendered":"<p>[vc_row][vc_column width=&#8220;1\/6&#8243;][\/vc_column][vc_column content_placement=&#8220;middle&#8220; text_alignment=&#8220;center&#8220; width=&#8220;2\/3&#8243; shift_x=&#8220;0&#8243; shift_y=&#8220;0&#8243; z_index=&#8220;0&#8243;][vc_wp_text] Impressum [\/vc_wp_text][vc_column_text] Verantwortlich f\u00fcr den Inhalt F\u00f6rdergesellschaft Kunst- und Familienhaus Waldsieversdorf \/ Berlin e.V. Vorstand: Irmelin Beringer, Henner Winckler Geschwister-Scholl-Stra\u00dfe 12 15377 Waldsieversdorf 0170 &#8211; 8140506[\/vc_column_text][\/vc_column][vc_column width=&#8220;1\/6&#8243;][\/vc_column][\/vc_row][vc_row][vc_column width=&#8220;1\/6&#8243;][\/vc_column][vc_column content_placement=&#8220;middle&#8220; text_alignment=&#8220;center&#8220; width=&#8220;2\/3&#8243; shift_x=&#8220;0&#8243; shift_y=&#8220;0&#8243; z_index=&#8220;0&#8243;][vc_column_text] Haftung f\u00fcr Inhalte Als Diensteanbieter sind wir gem\u00e4\u00df \u00a7 7 Abs.1 TMG f\u00fcr&#8230;<\/p>\n<p><a rel=\"bookmark\" class=\"loud_button_alt wvc-button wvc-button-size-xs\" href=\"https:\/\/waldoradofestival.de\/2019\/impressum\/\"><span>Continue reading<\/span><\/a><\/p>\n","protected":false},"author":1,"featured_media":0,"parent":0,"menu_order":0,"comment_status":"closed","ping_status":"closed","template":"","meta":[],"yoast_head":"<!-- This site is optimized with the Yoast SEO plugin v20.12 - https:\/\/yoast.com\/wordpress\/plugins\/seo\/ -->\n<title>Impressum - Waldorado Festival<\/title>\n<meta name=\"robots\" content=\"index, follow, max-snippet:-1, max-image-preview:large, max-video-preview:-1\" \/>\n<link rel=\"canonical\" href=\"https:\/\/waldoradofestival.de\/2019\/impressum\/\" \/>\n<meta property=\"og:locale\" content=\"de_DE\" \/>\n<meta property=\"og:type\" content=\"article\" \/>\n<meta property=\"og:title\" content=\"Impressum - Waldorado Festival\" \/>\n<meta property=\"og:description\" content=\"[vc_row][vc_column width=&#8220;1\/6&#8243;][\/vc_column][vc_column content_placement=&#8220;middle&#8220; text_alignment=&#8220;center&#8220; width=&#8220;2\/3&#8243; shift_x=&#8220;0&#8243; shift_y=&#8220;0&#8243; z_index=&#8220;0&#8243;][vc_wp_text] Impressum [\/vc_wp_text][vc_column_text] Verantwortlich f\u00fcr den Inhalt F\u00f6rdergesellschaft Kunst- und Familienhaus Waldsieversdorf \/ Berlin e.V. Vorstand: Irmelin Beringer, Henner Winckler Geschwister-Scholl-Stra\u00dfe 12 15377 Waldsieversdorf 0170 &#8211; 8140506[\/vc_column_text][\/vc_column][vc_column width=&#8220;1\/6&#8243;][\/vc_column][\/vc_row][vc_row][vc_column width=&#8220;1\/6&#8243;][\/vc_column][vc_column content_placement=&#8220;middle&#8220; text_alignment=&#8220;center&#8220; width=&#8220;2\/3&#8243; shift_x=&#8220;0&#8243; shift_y=&#8220;0&#8243; z_index=&#8220;0&#8243;][vc_column_text] Haftung f\u00fcr Inhalte Als Diensteanbieter sind wir gem\u00e4\u00df \u00a7 7 Abs.1 TMG f\u00fcr...Continue reading\" \/>\n<meta property=\"og:url\" content=\"https:\/\/waldoradofestival.de\/2019\/impressum\/\" \/>\n<meta property=\"og:site_name\" content=\"Waldorado Festival\" \/>\n<meta property=\"article:modified_time\" content=\"2019-07-18T11:24:17+00:00\" \/>\n<meta name=\"twitter:card\" content=\"summary_large_image\" \/>\n<meta name=\"twitter:label1\" content=\"Gesch\u00e4tzte Lesezeit\" \/>\n\t<meta name=\"twitter:data1\" content=\"2\u00a0Minuten\" \/>\n<script type=\"application\/ld+json\" class=\"yoast-schema-graph\">{\"@context\":\"https:\/\/schema.org\",\"@graph\":[{\"@type\":\"WebPage\",\"@id\":\"https:\/\/waldoradofestival.de\/2019\/impressum\/\",\"url\":\"https:\/\/waldoradofestival.de\/2019\/impressum\/\",\"name\":\"Impressum - Waldorado Festival\",\"isPartOf\":{\"@id\":\"https:\/\/waldoradofestival.de\/2019\/#website\"},\"datePublished\":\"2019-04-05T12:21:33+00:00\",\"dateModified\":\"2019-07-18T11:24:17+00:00\",\"breadcrumb\":{\"@id\":\"https:\/\/waldoradofestival.de\/2019\/impressum\/#breadcrumb\"},\"inLanguage\":\"de\",\"potentialAction\":[{\"@type\":\"ReadAction\",\"target\":[\"https:\/\/waldoradofestival.de\/2019\/impressum\/\"]}]},{\"@type\":\"BreadcrumbList\",\"@id\":\"https:\/\/waldoradofestival.de\/2019\/impressum\/#breadcrumb\",\"itemListElement\":[{\"@type\":\"ListItem\",\"position\":1,\"name\":\"Startseite\",\"item\":\"https:\/\/waldoradofestival.de\/2019\/\"},{\"@type\":\"ListItem\",\"position\":2,\"name\":\"Impressum\"}]},{\"@type\":\"WebSite\",\"@id\":\"https:\/\/waldoradofestival.de\/2019\/#website\",\"url\":\"https:\/\/waldoradofestival.de\/2019\/\",\"name\":\"Waldorado Festival\",\"description\":\"Familienkultur in der Natur \u2013 16.-18.08. in Waldsieversdorf\",\"potentialAction\":[{\"@type\":\"SearchAction\",\"target\":{\"@type\":\"EntryPoint\",\"urlTemplate\":\"https:\/\/waldoradofestival.de\/2019\/?s={search_term_string}\"},\"query-input\":\"required name=search_term_string\"}],\"inLanguage\":\"de\"}]}<\/script>\n<!-- \/ Yoast SEO plugin. -->","yoast_head_json":{"title":"Impressum - Waldorado Festival","robots":{"index":"index","follow":"follow","max-snippet":"max-snippet:-1","max-image-preview":"max-image-preview:large","max-video-preview":"max-video-preview:-1"},"canonical":"https:\/\/waldoradofestival.de\/2019\/impressum\/","og_locale":"de_DE","og_type":"article","og_title":"Impressum - Waldorado Festival","og_description":"[vc_row][vc_column width=&#8220;1\/6&#8243;][\/vc_column][vc_column content_placement=&#8220;middle&#8220; text_alignment=&#8220;center&#8220; width=&#8220;2\/3&#8243; shift_x=&#8220;0&#8243; shift_y=&#8220;0&#8243; z_index=&#8220;0&#8243;][vc_wp_text] Impressum [\/vc_wp_text][vc_column_text] Verantwortlich f\u00fcr den Inhalt F\u00f6rdergesellschaft Kunst- und Familienhaus Waldsieversdorf \/ Berlin e.V. Vorstand: Irmelin Beringer, Henner Winckler Geschwister-Scholl-Stra\u00dfe 12 15377 Waldsieversdorf 0170 &#8211; 8140506[\/vc_column_text][\/vc_column][vc_column width=&#8220;1\/6&#8243;][\/vc_column][\/vc_row][vc_row][vc_column width=&#8220;1\/6&#8243;][\/vc_column][vc_column content_placement=&#8220;middle&#8220; text_alignment=&#8220;center&#8220; width=&#8220;2\/3&#8243; shift_x=&#8220;0&#8243; shift_y=&#8220;0&#8243; z_index=&#8220;0&#8243;][vc_column_text] Haftung f\u00fcr Inhalte Als Diensteanbieter sind wir gem\u00e4\u00df \u00a7 7 Abs.1 TMG f\u00fcr...Continue reading","og_url":"https:\/\/waldoradofestival.de\/2019\/impressum\/","og_site_name":"Waldorado Festival","article_modified_time":"2019-07-18T11:24:17+00:00","twitter_card":"summary_large_image","twitter_misc":{"Gesch\u00e4tzte Lesezeit":"2\u00a0Minuten"},"schema":{"@context":"https:\/\/schema.org","@graph":[{"@type":"WebPage","@id":"https:\/\/waldoradofestival.de\/2019\/impressum\/","url":"https:\/\/waldoradofestival.de\/2019\/impressum\/","name":"Impressum - Waldorado Festival","isPartOf":{"@id":"https:\/\/waldoradofestival.de\/2019\/#website"},"datePublished":"2019-04-05T12:21:33+00:00","dateModified":"2019-07-18T11:24:17+00:00","breadcrumb":{"@id":"https:\/\/waldoradofestival.de\/2019\/impressum\/#breadcrumb"},"inLanguage":"de","potentialAction":[{"@type":"ReadAction","target":["https:\/\/waldoradofestival.de\/2019\/impressum\/"]}]},{"@type":"BreadcrumbList","@id":"https:\/\/waldoradofestival.de\/2019\/impressum\/#breadcrumb","itemListElement":[{"@type":"ListItem","position":1,"name":"Startseite","item":"https:\/\/waldoradofestival.de\/2019\/"},{"@type":"ListItem","position":2,"name":"Impressum"}]},{"@type":"WebSite","@id":"https:\/\/waldoradofestival.de\/2019\/#website","url":"https:\/\/waldoradofestival.de\/2019\/","name":"Waldorado Festival","description":"Familienkultur in der Natur \u2013 16.-18.08. in Waldsieversdorf","potentialAction":[{"@type":"SearchAction","target":{"@type":"EntryPoint","urlTemplate":"https:\/\/waldoradofestival.de\/2019\/?s={search_term_string}"},"query-input":"required name=search_term_string"}],"inLanguage":"de"}]}},"_links":{"self":[{"href":"https:\/\/waldoradofestival.de\/2019\/wp-json\/wp\/v2\/pages\/91"}],"collection":[{"href":"https:\/\/waldoradofestival.de\/2019\/wp-json\/wp\/v2\/pages"}],"about":[{"href":"https:\/\/waldoradofestival.de\/2019\/wp-json\/wp\/v2\/types\/page"}],"author":[{"embeddable":true,"href":"https:\/\/waldoradofestival.de\/2019\/wp-json\/wp\/v2\/users\/1"}],"replies":[{"embeddable":true,"href":"https:\/\/waldoradofestival.de\/2019\/wp-json\/wp\/v2\/comments?post=91"}],"version-history":[{"count":6,"href":"https:\/\/waldoradofestival.de\/2019\/wp-json\/wp\/v2\/pages\/91\/revisions"}],"predecessor-version":[{"id":999,"href":"https:\/\/waldoradofestival.de\/2019\/wp-json\/wp\/v2\/pages\/91\/revisions\/999"}],"wp:attachment":[{"href":"https:\/\/waldoradofestival.de\/2019\/wp-json\/wp\/v2\/media?parent=91"}],"curies":[{"name":"wp","href":"https:\/\/api.w.org\/{rel}","templated":true}]}}