{"id":959,"date":"2019-07-18T10:05:44","date_gmt":"2019-07-18T08:05:44","guid":{"rendered":"https:\/\/waldoradofestival.de\/2019\/?page_id=959"},"modified":"2019-08-12T16:19:33","modified_gmt":"2019-08-12T14:19:33","slug":"anreise","status":"publish","type":"page","link":"https:\/\/waldoradofestival.de\/2019\/anreise\/","title":{"rendered":"Anreise"},"content":{"rendered":"<p>[vc_row][vc_column width=&#8220;1\/6&#8243;][\/vc_column][vc_column text_alignment=&#8220;center&#8220; width=&#8220;2\/3&#8243; shift_x=&#8220;0&#8243; shift_y=&#8220;0&#8243; z_index=&#8220;0&#8243;][vc_column_text]<\/p>\n<h1 style=\"text-align: center;\">Anreise<\/h1>\n<p>[\/vc_column_text][vc_single_image image=&#8220;960&#8243; img_size=&#8220;full&#8220; full_width=&#8220;1&#8243; opacity=&#8220;100&#8243;][vc_column_text]<\/p>\n<h2>Am besten mit der Bahn &#8230;<\/h2>\n<p><strong>Von Berlin \u00fcber Strausberg mit der RB 26 nach M\u00fcncheberg.<\/strong><br \/>\nAchtung Berliner! Der Zug f\u00e4hrt am Samstag von fr\u00fch bis 15 Uhr aufgrund von Bauarbeiten erst ab S-Bahnhof Strausberg (15 min bis Bhf. M\u00fcncheberg). Bis Strausberg kommt ihr ganz einfach mit der S5.<\/p>\n<p>Freitag, Samstag nach 15 Uhr und Sonntag kommt ihr ganz bequem vom Ostkreuz mit der RB26 direkt in 40 Minuten nach M\u00fcncheberg und wieder zur\u00fcck.<\/p>\n<p>Ab M\u00fcncheberg bringt euch die schnuckelige Buckower Kleinbahn in wenigen Minuten direkt zum Bahnhof Waldsieversdorf. Zu Fu\u00df sind es dann noch 5 Minuten bis zum Waldorado.<\/p>\n<p>Sonderfahrplan Buckower Kleinbahn<\/p>\n<p>Freitag, 16.08.2019<br \/>\nAnschluss an den RB26 aus Berlin (Umsteigezeit 7 Minuten):<br \/>\n15:20 Bhf. M\u00fcnchberg (Gleis 7) &#8211; 15:26 Bhf. Waldsieversdorf<br \/>\n16:20 Bhf. M\u00fcnchberg (Gleis 7) &#8211; 16:26 Bhf. Waldsieversdorf<\/p>\n<p>aus Buckow<br \/>\n14:55 Bhf. Buckow &#8211; 15:03 Bhf. Waldsieversdorf<br \/>\n15:55 Bhf. Buckow &#8211; 16:03 Bhf. Waldsieversdorf<\/p>\n<p>Samstag, 17.08.2019<br \/>\nAnschluss an den RB26 aus Berlin (Umsteigezeit 7 Minuten):<br \/>\nab 10:20 \u00a0bis\u00a013:20 st\u00fcndlich ab Bhf. M\u00fcnchberg (Gleis 7)<\/p>\n<p>Anschluss an den RB26 aus Berlin (Umsteigezeit 37 Minuten):<br \/>\nab 14:50 bis 20:50 sowie 22:50 st\u00fcndlich ab Bhf. M\u00fcncheberg<\/p>\n<p>aus Buckow<br \/>\n09:55 bis 12:55 st\u00fcndlich,\u00a014:25 bis 20:25 st\u00fcndlich\u00a0sowie 22:25\u00a0ab Bhf. Buckow<\/p>\n<p>Anschluss an den RB26 nach Berlin (Umsteigezeit 11 Minuten):<br \/>\nab 14:33 bis 20:33 sowie 22:33 st\u00fcndlich ab Bhf. Waldsieversdorf<\/p>\n<p>Sonntag, 18.08.2019<br \/>\nAnschluss an den RB26 aus Berlin (Umsteigezeit 7 Minuten):<br \/>\nab 10:20 \u00a0bis\u00a013:20 st\u00fcndlich ab Bhf. M\u00fcnchberg (Gleis 7)<\/p>\n<p>Anschluss an den RB26 aus Berlin (Umsteigezeit 37 Minuten):<br \/>\nab 14:50 bis 17:50 st\u00fcndlich ab Bhf. M\u00fcncheberg<\/p>\n<p>aus Buckow<br \/>\n09:55 bis 12:55 st\u00fcndlich,\u00a014:25 bis 17:25 st\u00fcndlich ab Bhf. Buckow<\/p>\n<p>Anschluss an den RB26 nach Berlin (Umsteigezeit 11 Minuten):<br \/>\nab 14:33 bis 17:33 (bei Bedarf l\u00e4nger)\u00a0st\u00fcndlich ab Bhf. Waldsieversdorf<\/p>\n<h2>\u2026 oder mit dem Fahrrad:<\/h2>\n<p>Eine Fahrradtour durch M\u00e4rkisch Oderland ist sehr sch\u00f6n und bringt Credits beim CO2-Fu\u00dfabdruck.<br \/>\nFahrzeit z.B. ab S-Bahnhof Hegerm\u00fchle: ca. 1 Stunde<\/p>\n<h2>\u2026 oder mit der Pampa Mitfahr-App:<\/h2>\n<p>Ein Tipp f\u00fcr alle M\u00e4rkisch-Oderl\u00e4nder, mehr Infos dazu gibt es hier: <a href=\"https:\/\/www.pampa-mitfahren.de\">Pampa<\/a><\/p>\n<h2>Anreise mit dem Auto:<\/h2>\n<p>Von Berlin ca. eine Stunde \/ von Frankfurt (Oder) ca. 45 Minuten.<br \/>\nDie Parkpl\u00e4tze in Waldsieversdorf sind begrenzt, \u00fcberlegt euch, ob ihr unbedingt Auto fahren m\u00fcsst, bildet Fahrgemeinschaften, wenn es geht. Wir verteilen euch auf die m\u00f6glichen Parkpl\u00e4tze im Ort. F\u00fcr Busse\/Wohnmobile gibt es sehr begrenzte Stellplatzm\u00f6glichkeiten, bitte reserviert unter <a href=\"mailto:camping@waldoradofestival.de\">camping@waldoradofestival.de<\/a><\/p>\n<p>Nutzt bitte auch die M\u00f6glichkeit in M\u00fcncheberg am Bahnhof zu parken &#8211; die historische Buckower Kleinbahn bringt euch in wenigen Minuten direkt nach Waldsieversdorf.[\/vc_column_text][\/vc_column][vc_column width=&#8220;1\/6&#8243;][\/vc_column][\/vc_row]<\/p>\n","protected":false},"excerpt":{"rendered":"<p>[vc_row][vc_column width=&#8220;1\/6&#8243;][\/vc_column][vc_column text_alignment=&#8220;center&#8220; width=&#8220;2\/3&#8243; shift_x=&#8220;0&#8243; shift_y=&#8220;0&#8243; z_index=&#8220;0&#8243;][vc_column_text] Anreise [\/vc_column_text][vc_single_image image=&#8220;960&#8243; img_size=&#8220;full&#8220; full_width=&#8220;1&#8243; opacity=&#8220;100&#8243;][vc_column_text] Am besten mit der Bahn &#8230; Von Berlin \u00fcber Strausberg mit der RB 26 nach M\u00fcncheberg. Achtung Berliner! Der Zug f\u00e4hrt am Samstag von fr\u00fch bis 15 Uhr aufgrund von Bauarbeiten erst ab S-Bahnhof Strausberg (15 min bis Bhf. M\u00fcncheberg). Bis Strausberg&#8230;<\/p>\n<p><a rel=\"bookmark\" class=\"loud_button_alt wvc-button wvc-button-size-xs\" href=\"https:\/\/waldoradofestival.de\/2019\/anreise\/\"><span>Continue reading<\/span><\/a><\/p>\n","protected":false},"author":1,"featured_media":0,"parent":0,"menu_order":0,"comment_status":"closed","ping_status":"closed","template":"","meta":[],"yoast_head":"<!-- This site is optimized with the Yoast SEO plugin v20.12 - https:\/\/yoast.com\/wordpress\/plugins\/seo\/ -->\n<title>Anreise - Waldorado Festival am besten mit der Bahn<\/title>\n<meta name=\"description\" content=\"Anreise am besten mit der Bahn ...Von Berlin \u00fcber Strausberg mit der RB 26 nach M\u00fcncheberg.Achtung Berliner! Der Zug f\u00e4hrt Samstag &amp; Sonntag aufgrund von Bauarbeiten\" \/>\n<meta name=\"robots\" content=\"index, follow, max-snippet:-1, max-image-preview:large, max-video-preview:-1\" \/>\n<link rel=\"canonical\" href=\"https:\/\/waldoradofestival.de\/2019\/anreise\/\" \/>\n<meta property=\"og:locale\" content=\"de_DE\" \/>\n<meta property=\"og:type\" content=\"article\" \/>\n<meta property=\"og:title\" content=\"Anreise - Waldorado Festival am besten mit der Bahn\" \/>\n<meta property=\"og:description\" content=\"Anreise am besten mit der Bahn ...Von Berlin \u00fcber Strausberg mit der RB 26 nach M\u00fcncheberg.Achtung Berliner! Der Zug f\u00e4hrt Samstag &amp; Sonntag aufgrund von Bauarbeiten\" \/>\n<meta property=\"og:url\" content=\"https:\/\/waldoradofestival.de\/2019\/anreise\/\" \/>\n<meta property=\"og:site_name\" content=\"Waldorado Festival\" \/>\n<meta property=\"article:modified_time\" content=\"2019-08-12T14:19:33+00:00\" \/>\n<meta name=\"twitter:card\" content=\"summary_large_image\" \/>\n<meta name=\"twitter:label1\" content=\"Gesch\u00e4tzte Lesezeit\" \/>\n\t<meta name=\"twitter:data1\" content=\"2\u00a0Minuten\" \/>\n<script type=\"application\/ld+json\" class=\"yoast-schema-graph\">{\"@context\":\"https:\/\/schema.org\",\"@graph\":[{\"@type\":\"WebPage\",\"@id\":\"https:\/\/waldoradofestival.de\/2019\/anreise\/\",\"url\":\"https:\/\/waldoradofestival.de\/2019\/anreise\/\",\"name\":\"Anreise - Waldorado Festival am besten mit der Bahn\",\"isPartOf\":{\"@id\":\"https:\/\/waldoradofestival.de\/2019\/#website\"},\"datePublished\":\"2019-07-18T08:05:44+00:00\",\"dateModified\":\"2019-08-12T14:19:33+00:00\",\"description\":\"Anreise am besten mit der Bahn ...Von Berlin \u00fcber Strausberg mit der RB 26 nach M\u00fcncheberg.Achtung Berliner! Der Zug f\u00e4hrt Samstag & Sonntag aufgrund von Bauarbeiten\",\"breadcrumb\":{\"@id\":\"https:\/\/waldoradofestival.de\/2019\/anreise\/#breadcrumb\"},\"inLanguage\":\"de\",\"potentialAction\":[{\"@type\":\"ReadAction\",\"target\":[\"https:\/\/waldoradofestival.de\/2019\/anreise\/\"]}]},{\"@type\":\"BreadcrumbList\",\"@id\":\"https:\/\/waldoradofestival.de\/2019\/anreise\/#breadcrumb\",\"itemListElement\":[{\"@type\":\"ListItem\",\"position\":1,\"name\":\"Startseite\",\"item\":\"https:\/\/waldoradofestival.de\/2019\/\"},{\"@type\":\"ListItem\",\"position\":2,\"name\":\"Anreise\"}]},{\"@type\":\"WebSite\",\"@id\":\"https:\/\/waldoradofestival.de\/2019\/#website\",\"url\":\"https:\/\/waldoradofestival.de\/2019\/\",\"name\":\"Waldorado Festival\",\"description\":\"Familienkultur in der Natur \u2013 16.-18.08. in Waldsieversdorf\",\"potentialAction\":[{\"@type\":\"SearchAction\",\"target\":{\"@type\":\"EntryPoint\",\"urlTemplate\":\"https:\/\/waldoradofestival.de\/2019\/?s={search_term_string}\"},\"query-input\":\"required name=search_term_string\"}],\"inLanguage\":\"de\"}]}<\/script>\n<!-- \/ Yoast SEO plugin. -->","yoast_head_json":{"title":"Anreise - Waldorado Festival am besten mit der Bahn","description":"Anreise am besten mit der Bahn ...Von Berlin \u00fcber Strausberg mit der RB 26 nach M\u00fcncheberg.Achtung Berliner! Der Zug f\u00e4hrt Samstag & Sonntag aufgrund von Bauarbeiten","robots":{"index":"index","follow":"follow","max-snippet":"max-snippet:-1","max-image-preview":"max-image-preview:large","max-video-preview":"max-video-preview:-1"},"canonical":"https:\/\/waldoradofestival.de\/2019\/anreise\/","og_locale":"de_DE","og_type":"article","og_title":"Anreise - Waldorado Festival am besten mit der Bahn","og_description":"Anreise am besten mit der Bahn ...Von Berlin \u00fcber Strausberg mit der RB 26 nach M\u00fcncheberg.Achtung Berliner! Der Zug f\u00e4hrt Samstag & Sonntag aufgrund von Bauarbeiten","og_url":"https:\/\/waldoradofestival.de\/2019\/anreise\/","og_site_name":"Waldorado Festival","article_modified_time":"2019-08-12T14:19:33+00:00","twitter_card":"summary_large_image","twitter_misc":{"Gesch\u00e4tzte Lesezeit":"2\u00a0Minuten"},"schema":{"@context":"https:\/\/schema.org","@graph":[{"@type":"WebPage","@id":"https:\/\/waldoradofestival.de\/2019\/anreise\/","url":"https:\/\/waldoradofestival.de\/2019\/anreise\/","name":"Anreise - Waldorado Festival am besten mit der Bahn","isPartOf":{"@id":"https:\/\/waldoradofestival.de\/2019\/#website"},"datePublished":"2019-07-18T08:05:44+00:00","dateModified":"2019-08-12T14:19:33+00:00","description":"Anreise am besten mit der Bahn ...Von Berlin \u00fcber Strausberg mit der RB 26 nach M\u00fcncheberg.Achtung Berliner! Der Zug f\u00e4hrt Samstag & Sonntag aufgrund von Bauarbeiten","breadcrumb":{"@id":"https:\/\/waldoradofestival.de\/2019\/anreise\/#breadcrumb"},"inLanguage":"de","potentialAction":[{"@type":"ReadAction","target":["https:\/\/waldoradofestival.de\/2019\/anreise\/"]}]},{"@type":"BreadcrumbList","@id":"https:\/\/waldoradofestival.de\/2019\/anreise\/#breadcrumb","itemListElement":[{"@type":"ListItem","position":1,"name":"Startseite","item":"https:\/\/waldoradofestival.de\/2019\/"},{"@type":"ListItem","position":2,"name":"Anreise"}]},{"@type":"WebSite","@id":"https:\/\/waldoradofestival.de\/2019\/#website","url":"https:\/\/waldoradofestival.de\/2019\/","name":"Waldorado Festival","description":"Familienkultur in der Natur \u2013 16.-18.08. in Waldsieversdorf","potentialAction":[{"@type":"SearchAction","target":{"@type":"EntryPoint","urlTemplate":"https:\/\/waldoradofestival.de\/2019\/?s={search_term_string}"},"query-input":"required name=search_term_string"}],"inLanguage":"de"}]}},"_links":{"self":[{"href":"https:\/\/waldoradofestival.de\/2019\/wp-json\/wp\/v2\/pages\/959"}],"collection":[{"href":"https:\/\/waldoradofestival.de\/2019\/wp-json\/wp\/v2\/pages"}],"about":[{"href":"https:\/\/waldoradofestival.de\/2019\/wp-json\/wp\/v2\/types\/page"}],"author":[{"embeddable":true,"href":"https:\/\/waldoradofestival.de\/2019\/wp-json\/wp\/v2\/users\/1"}],"replies":[{"embeddable":true,"href":"https:\/\/waldoradofestival.de\/2019\/wp-json\/wp\/v2\/comments?post=959"}],"version-history":[{"count":16,"href":"https:\/\/waldoradofestival.de\/2019\/wp-json\/wp\/v2\/pages\/959\/revisions"}],"predecessor-version":[{"id":1528,"href":"https:\/\/waldoradofestival.de\/2019\/wp-json\/wp\/v2\/pages\/959\/revisions\/1528"}],"wp:attachment":[{"href":"https:\/\/waldoradofestival.de\/2019\/wp-json\/wp\/v2\/media?parent=959"}],"curies":[{"name":"wp","href":"https:\/\/api.w.org\/{rel}","templated":true}]}}