{"id":296,"date":"2019-06-07T07:28:51","date_gmt":"2019-06-07T05:28:51","guid":{"rendered":"https:\/\/waldoradofestival.de\/2021\/?page_id=296"},"modified":"2021-08-06T00:06:34","modified_gmt":"2021-08-05T22:06:34","slug":"tickets","status":"publish","type":"page","link":"https:\/\/waldoradofestival.de\/2021\/tickets\/","title":{"rendered":"Tickets"},"content":{"rendered":"<p>[vc_row equal_height=&#8220;&#8220; shift_y=&#8220;0&#8243; z_index=&#8220;0&#8243;][vc_column width=&#8220;1\/6&#8243;][\/vc_column][vc_column text_alignment=&#8220;center&#8220; width=&#8220;2\/3&#8243; shift_x=&#8220;0&#8243; shift_y=&#8220;0&#8243; z_index=&#8220;0&#8243;][vc_column_text]<\/p>\n<h1>Tickets gibt es im Vorverkauf<\/h1>\n<p>[\/vc_column_text][vc_button title=&#8220;Tickets&#8220; color=&#8220;custom&#8220; hover_effect=&#8220;opacity&#8220; i_icon_fontawesome=&#8220;fa fa-ticket&#8220; font_weight=&#8220;700&#8243; add_icon=&#8220;true&#8220; link=&#8220;url:https%3A%2F%2Fwww.tixforgigs.com%2Fde-de%2FEvent%2F38263%2Fwaldorado-festival-2021-familienkultur-in-der-natur-festwiese-waldsieversdorf||target:%20_blank|&#8220; custom_color=&#8220;#f9b222&#8243;][vc_column_text]<\/p>\n<p style=\"text-align: left;\">sowie vor Ort an der Tageskasse. Die Tickets sind personalisiert. Aufgrund der geltenden Corona-Verordnung m\u00fcssen wir die Daten aller Besucher*innen erfassen. Dies wird analog wie auch digital \u00fcber die Corona App m\u00f6glich sein.<\/p>\n<p style=\"text-align: left;\">Ihr helft uns enorm bei der Planung, wenn ihr euer Ticket im Vorverkauf erwerbt. In Absprache mit der Gemeinde Waldsieversdorf und dem Gesundheitsamt ist die Anzahl der G\u00e4ste auf 500 Personen limitiert. Nur so k\u00f6nnen wir bei der gro\u00dfen Anzahl von Kindern ein pandemiekonformes Abenteuer erm\u00f6glichen.<\/p>\n<p>Sollte das Festival aufgrund der steigenden Inzidenz abgesagt werden, bekommt ihr nat\u00fcrlich den Ticketpreis abzgl. VVK-Geb\u00fchr zur\u00fcck.<\/p>\n<p style=\"text-align: left;\">Waldsieversdorfer (Meldeadresse gilt) erhalten gegen Vorlage ihres Personalausweises freien Eintritt. \u00dcber eine Eintrittsspende freuen wir uns ausdr\u00fccklich!<\/p>\n<p style=\"text-align: left;\">Das Waldorado ist dieses Jahr leider kein Camping-Festival &#8211; Campingpl\u00e4tze k\u00f6nnen beim Campingplatz Waldsieversdorf angefragt werden (0176. 24240892). Erfahrungsgem\u00e4\u00df werden dort bis kurz vorher keine Reservierungen angenommen. Wir bedauern das sehr und hoffen, dass dennoch alle, die gerne \u00fcber Nacht bleiben m\u00f6chten, einen Platz zum \u00dcbernachten finden. Wir vermitteln euch gerne so gut wir k\u00f6nnen zu Privatpersonen in Waldsieversdorf zum Zelten in famili\u00e4rem Umfeld.\u00a0Einige ganz wenige Stellpl\u00e4tze f\u00fcr Busse und Wohnmobile wird es auf dem Parkplatz des CVJM geben. Schreibt uns an <a href=\"mailto:camping@waldoradofestival.de\">camping@waldoradofestival.de<\/a>.<\/p>\n<p>[\/vc_column_text][\/vc_column][vc_column width=&#8220;1\/6&#8243;][\/vc_column][\/vc_row]<\/p>\n","protected":false},"excerpt":{"rendered":"<p>[vc_row equal_height=&#8220;&#8220; shift_y=&#8220;0&#8243; z_index=&#8220;0&#8243;][vc_column width=&#8220;1\/6&#8243;][\/vc_column][vc_column text_alignment=&#8220;center&#8220; width=&#8220;2\/3&#8243; shift_x=&#8220;0&#8243; shift_y=&#8220;0&#8243; z_index=&#8220;0&#8243;][vc_column_text] Tickets gibt es im Vorverkauf [\/vc_column_text][vc_button title=&#8220;Tickets&#8220; color=&#8220;custom&#8220; hover_effect=&#8220;opacity&#8220; i_icon_fontawesome=&#8220;fa fa-ticket&#8220; font_weight=&#8220;700&#8243; add_icon=&#8220;true&#8220; link=&#8220;url:https%3A%2F%2Fwww.tixforgigs.com%2Fde-de%2FEvent%2F38263%2Fwaldorado-festival-2021-familienkultur-in-der-natur-festwiese-waldsieversdorf||target:%20_blank|&#8220; custom_color=&#8220;#f9b222&#8243;][vc_column_text] sowie vor Ort an der Tageskasse. Die Tickets sind personalisiert. Aufgrund der geltenden Corona-Verordnung m\u00fcssen wir die Daten aller Besucher*innen erfassen. Dies wird analog wie auch digital \u00fcber die Corona&#8230;<\/p>\n<p><a rel=\"bookmark\" class=\"loud_button_alt wvc-button wvc-button-size-xs\" href=\"https:\/\/waldoradofestival.de\/2021\/tickets\/\"><span>Continue reading<\/span><\/a><\/p>\n","protected":false},"author":1,"featured_media":0,"parent":0,"menu_order":0,"comment_status":"closed","ping_status":"closed","template":"","meta":{"footnotes":""},"class_list":{"0":"post-296","1":"page","2":"type-page","3":"status-publish","4":"hentry","5":"entry","6":"clearfix","7":"entry-grid","8":"entry-columns-default","9":"no-post-thumbnail","10":"entry-page","12":"entry-page-grid"},"yoast_head":"<!-- This site is optimized with the Yoast SEO plugin v24.9 - https:\/\/yoast.com\/wordpress\/plugins\/seo\/ -->\n<title>Tickets - Waldorado Festival<\/title>\n<meta name=\"robots\" content=\"index, follow, max-snippet:-1, max-image-preview:large, max-video-preview:-1\" \/>\n<link rel=\"canonical\" href=\"https:\/\/waldoradofestival.de\/2021\/tickets\/\" \/>\n<meta property=\"og:locale\" content=\"de_DE\" \/>\n<meta property=\"og:type\" content=\"article\" \/>\n<meta property=\"og:title\" content=\"Tickets - Waldorado Festival\" \/>\n<meta property=\"og:description\" content=\"[vc_row equal_height=&#8220;&#8220; shift_y=&#8220;0&#8243; z_index=&#8220;0&#8243;][vc_column width=&#8220;1\/6&#8243;][\/vc_column][vc_column text_alignment=&#8220;center&#8220; width=&#8220;2\/3&#8243; shift_x=&#8220;0&#8243; shift_y=&#8220;0&#8243; z_index=&#8220;0&#8243;][vc_column_text] Tickets gibt es im Vorverkauf [\/vc_column_text][vc_button title=&#8220;Tickets&#8220; color=&#8220;custom&#8220; hover_effect=&#8220;opacity&#8220; i_icon_fontawesome=&#8220;fa fa-ticket&#8220; font_weight=&#8220;700&#8243; add_icon=&#8220;true&#8220; link=&#8220;url:https%3A%2F%2Fwww.tixforgigs.com%2Fde-de%2FEvent%2F38263%2Fwaldorado-festival-2021-familienkultur-in-der-natur-festwiese-waldsieversdorf||target:%20_blank|&#8220; custom_color=&#8220;#f9b222&#8243;][vc_column_text] sowie vor Ort an der Tageskasse. Die Tickets sind personalisiert. Aufgrund der geltenden Corona-Verordnung m\u00fcssen wir die Daten aller Besucher*innen erfassen. Dies wird analog wie auch digital \u00fcber die Corona...Continue reading\" \/>\n<meta property=\"og:url\" content=\"https:\/\/waldoradofestival.de\/2021\/tickets\/\" \/>\n<meta property=\"og:site_name\" content=\"Waldorado Festival\" \/>\n<meta property=\"article:modified_time\" content=\"2021-08-05T22:06:34+00:00\" \/>\n<meta name=\"twitter:card\" content=\"summary_large_image\" \/>\n<meta name=\"twitter:label1\" content=\"Gesch\u00e4tzte Lesezeit\" \/>\n\t<meta name=\"twitter:data1\" content=\"1\u00a0Minute\" \/>\n<script type=\"application\/ld+json\" class=\"yoast-schema-graph\">{\"@context\":\"https:\/\/schema.org\",\"@graph\":[{\"@type\":\"WebPage\",\"@id\":\"https:\/\/waldoradofestival.de\/2021\/tickets\/\",\"url\":\"https:\/\/waldoradofestival.de\/2021\/tickets\/\",\"name\":\"Tickets - Waldorado Festival\",\"isPartOf\":{\"@id\":\"https:\/\/waldoradofestival.de\/2021\/#website\"},\"datePublished\":\"2019-06-07T05:28:51+00:00\",\"dateModified\":\"2021-08-05T22:06:34+00:00\",\"breadcrumb\":{\"@id\":\"https:\/\/waldoradofestival.de\/2021\/tickets\/#breadcrumb\"},\"inLanguage\":\"de\",\"potentialAction\":[{\"@type\":\"ReadAction\",\"target\":[\"https:\/\/waldoradofestival.de\/2021\/tickets\/\"]}]},{\"@type\":\"BreadcrumbList\",\"@id\":\"https:\/\/waldoradofestival.de\/2021\/tickets\/#breadcrumb\",\"itemListElement\":[{\"@type\":\"ListItem\",\"position\":1,\"name\":\"Startseite\",\"item\":\"https:\/\/waldoradofestival.de\/2021\/\"},{\"@type\":\"ListItem\",\"position\":2,\"name\":\"Tickets\"}]},{\"@type\":\"WebSite\",\"@id\":\"https:\/\/waldoradofestival.de\/2021\/#website\",\"url\":\"https:\/\/waldoradofestival.de\/2021\/\",\"name\":\"Waldorado Festival\",\"description\":\"Familienkultur in der Natur \u2013 16.-18.08. in Waldsieversdorf\",\"potentialAction\":[{\"@type\":\"SearchAction\",\"target\":{\"@type\":\"EntryPoint\",\"urlTemplate\":\"https:\/\/waldoradofestival.de\/2021\/?s={search_term_string}\"},\"query-input\":{\"@type\":\"PropertyValueSpecification\",\"valueRequired\":true,\"valueName\":\"search_term_string\"}}],\"inLanguage\":\"de\"}]}<\/script>\n<!-- \/ Yoast SEO plugin. -->","yoast_head_json":{"title":"Tickets - Waldorado Festival","robots":{"index":"index","follow":"follow","max-snippet":"max-snippet:-1","max-image-preview":"max-image-preview:large","max-video-preview":"max-video-preview:-1"},"canonical":"https:\/\/waldoradofestival.de\/2021\/tickets\/","og_locale":"de_DE","og_type":"article","og_title":"Tickets - Waldorado Festival","og_description":"[vc_row equal_height=&#8220;&#8220; shift_y=&#8220;0&#8243; z_index=&#8220;0&#8243;][vc_column width=&#8220;1\/6&#8243;][\/vc_column][vc_column text_alignment=&#8220;center&#8220; width=&#8220;2\/3&#8243; shift_x=&#8220;0&#8243; shift_y=&#8220;0&#8243; z_index=&#8220;0&#8243;][vc_column_text] Tickets gibt es im Vorverkauf [\/vc_column_text][vc_button title=&#8220;Tickets&#8220; color=&#8220;custom&#8220; hover_effect=&#8220;opacity&#8220; i_icon_fontawesome=&#8220;fa fa-ticket&#8220; font_weight=&#8220;700&#8243; add_icon=&#8220;true&#8220; link=&#8220;url:https%3A%2F%2Fwww.tixforgigs.com%2Fde-de%2FEvent%2F38263%2Fwaldorado-festival-2021-familienkultur-in-der-natur-festwiese-waldsieversdorf||target:%20_blank|&#8220; custom_color=&#8220;#f9b222&#8243;][vc_column_text] sowie vor Ort an der Tageskasse. Die Tickets sind personalisiert. Aufgrund der geltenden Corona-Verordnung m\u00fcssen wir die Daten aller Besucher*innen erfassen. Dies wird analog wie auch digital \u00fcber die Corona...Continue reading","og_url":"https:\/\/waldoradofestival.de\/2021\/tickets\/","og_site_name":"Waldorado Festival","article_modified_time":"2021-08-05T22:06:34+00:00","twitter_card":"summary_large_image","twitter_misc":{"Gesch\u00e4tzte Lesezeit":"1\u00a0Minute"},"schema":{"@context":"https:\/\/schema.org","@graph":[{"@type":"WebPage","@id":"https:\/\/waldoradofestival.de\/2021\/tickets\/","url":"https:\/\/waldoradofestival.de\/2021\/tickets\/","name":"Tickets - Waldorado Festival","isPartOf":{"@id":"https:\/\/waldoradofestival.de\/2021\/#website"},"datePublished":"2019-06-07T05:28:51+00:00","dateModified":"2021-08-05T22:06:34+00:00","breadcrumb":{"@id":"https:\/\/waldoradofestival.de\/2021\/tickets\/#breadcrumb"},"inLanguage":"de","potentialAction":[{"@type":"ReadAction","target":["https:\/\/waldoradofestival.de\/2021\/tickets\/"]}]},{"@type":"BreadcrumbList","@id":"https:\/\/waldoradofestival.de\/2021\/tickets\/#breadcrumb","itemListElement":[{"@type":"ListItem","position":1,"name":"Startseite","item":"https:\/\/waldoradofestival.de\/2021\/"},{"@type":"ListItem","position":2,"name":"Tickets"}]},{"@type":"WebSite","@id":"https:\/\/waldoradofestival.de\/2021\/#website","url":"https:\/\/waldoradofestival.de\/2021\/","name":"Waldorado Festival","description":"Familienkultur in der Natur \u2013 16.-18.08. in Waldsieversdorf","potentialAction":[{"@type":"SearchAction","target":{"@type":"EntryPoint","urlTemplate":"https:\/\/waldoradofestival.de\/2021\/?s={search_term_string}"},"query-input":{"@type":"PropertyValueSpecification","valueRequired":true,"valueName":"search_term_string"}}],"inLanguage":"de"}]}},"_links":{"self":[{"href":"https:\/\/waldoradofestival.de\/2021\/wp-json\/wp\/v2\/pages\/296","targetHints":{"allow":["GET"]}}],"collection":[{"href":"https:\/\/waldoradofestival.de\/2021\/wp-json\/wp\/v2\/pages"}],"about":[{"href":"https:\/\/waldoradofestival.de\/2021\/wp-json\/wp\/v2\/types\/page"}],"author":[{"embeddable":true,"href":"https:\/\/waldoradofestival.de\/2021\/wp-json\/wp\/v2\/users\/1"}],"replies":[{"embeddable":true,"href":"https:\/\/waldoradofestival.de\/2021\/wp-json\/wp\/v2\/comments?post=296"}],"version-history":[{"count":26,"href":"https:\/\/waldoradofestival.de\/2021\/wp-json\/wp\/v2\/pages\/296\/revisions"}],"predecessor-version":[{"id":1704,"href":"https:\/\/waldoradofestival.de\/2021\/wp-json\/wp\/v2\/pages\/296\/revisions\/1704"}],"wp:attachment":[{"href":"https:\/\/waldoradofestival.de\/2021\/wp-json\/wp\/v2\/media?parent=296"}],"curies":[{"name":"wp","href":"https:\/\/api.w.org\/{rel}","templated":true}]}}