{"id":304,"date":"2019-06-07T07:29:37","date_gmt":"2019-06-07T05:29:37","guid":{"rendered":"https:\/\/waldoradofestival.de\/2021\/?page_id=304"},"modified":"2019-07-18T19:51:19","modified_gmt":"2019-07-18T17:51:19","slug":"ueber-uns","status":"publish","type":"page","link":"https:\/\/waldoradofestival.de\/2021\/ueber-uns\/","title":{"rendered":"\u00dcber uns"},"content":{"rendered":"<p>[vc_row][vc_column width=&#8220;1\/6&#8243;][\/vc_column][vc_column text_alignment=&#8220;center&#8220; width=&#8220;2\/3&#8243; shift_x=&#8220;0&#8243; shift_y=&#8220;0&#8243; z_index=&#8220;0&#8243;][vc_column_text]<\/p>\n<h2>\u00dcber uns<\/h2>\n<p><img loading=\"lazy\" decoding=\"async\" class=\"aligncenter wp-image-1000\" src=\"https:\/\/waldoradofestival.de\/2021\/wp-content\/uploads\/2019\/07\/logo-verein-siewaldsdorf-schwarz.png\" alt=\"Haus f\u00fcr Kunst &amp; Familie Waldsieversdorf\" width=\"200\" height=\"145\" srcset=\"https:\/\/waldoradofestival.de\/2021\/wp-content\/uploads\/2019\/07\/logo-verein-siewaldsdorf-schwarz.png 800w, https:\/\/waldoradofestival.de\/2021\/wp-content\/uploads\/2019\/07\/logo-verein-siewaldsdorf-schwarz-300x218.png 300w, https:\/\/waldoradofestival.de\/2021\/wp-content\/uploads\/2019\/07\/logo-verein-siewaldsdorf-schwarz-768x558.png 768w, https:\/\/waldoradofestival.de\/2021\/wp-content\/uploads\/2019\/07\/logo-verein-siewaldsdorf-schwarz-785x570.png 785w, https:\/\/waldoradofestival.de\/2021\/wp-content\/uploads\/2019\/07\/logo-verein-siewaldsdorf-schwarz-500x363.png 500w, https:\/\/waldoradofestival.de\/2021\/wp-content\/uploads\/2019\/07\/logo-verein-siewaldsdorf-schwarz-550x399.png 550w, https:\/\/waldoradofestival.de\/2021\/wp-content\/uploads\/2019\/07\/logo-verein-siewaldsdorf-schwarz-400x291.png 400w\" sizes=\"auto, (max-width: 200px) 100vw, 200px\" \/>Die F\u00f6rdergesellschaft Kunst- und Familienhaus Waldsieversdorf\/Berlin e.V. betreibt und belebt seit 2008 das ehemalige P\u00e4dagogium am Gro\u00dfen D\u00e4bersee in Waldsieversdorf, das f\u00fcr zahlreiche Formen gemeinschaftlich-famili\u00e4ren Erlebens im Rahmen von kreativen Aktivit\u00e4ten, Workshops und Begegnungen genutzt wird.<\/p>\n<p>Im Fokus steht dabei die Produktion hochwertiger Kunst- und Kulturveranstaltungen f\u00fcr die ganze Familie in all ihrer Pluralit\u00e4t. Derzeit haben wir 30 st\u00e4ndige Mitglieder, die vor allem ehrenamtlich t\u00e4tig sind. Als gemeinn\u00fctziger Verein mit dem anerkannten Zweck der &#8222;F\u00f6rderung von Kunst und Kultur&#8220; flie\u00dft unser gesamter Gewinn zur\u00fcck in unsere Kunst- und Kulturprogramme, die wir stets weiterentwickeln, um neue kreative Abenteuer zu veranstalten.<\/p>\n<p>Und weil wir davon \u00fcberzeugt sind, dass noch viel mehr Familien \u00a0den Zugang zu Kunst und Kultur feinster Qualit\u00e4t verdienen, versuchen wir mit dem WALDORADO FESTIVAL unser Wirk- umfeld zu vergr\u00f6\u00dfern und hinaus in den \u00f6ffentlichen Raum und die Natur tragen.<\/p>\n<p>Um Veranstaltungen wie diese durchf\u00fchren zu k\u00f6nnen, sind wir immer dankbar f\u00fcr Spenden. Als gemeinn\u00fctziger Verein sind wir berechtigt Spendenquittungen auszustellen.<\/p>\n<p>Kontoinhaber: F\u00d6RDERGESELLSCHAFT KUNST- UND FAMILIENHAUS E.V.<br \/>\nIban: DE13 1705 4040 0020 0569 66<br \/>\nBank: Sparkasse M\u00e4rkisch-Oderland[\/vc_column_text][\/vc_column][vc_column width=&#8220;1\/6&#8243;][\/vc_column][\/vc_row]<\/p>\n","protected":false},"excerpt":{"rendered":"<p>[vc_row][vc_column width=&#8220;1\/6&#8243;][\/vc_column][vc_column text_alignment=&#8220;center&#8220; width=&#8220;2\/3&#8243; shift_x=&#8220;0&#8243; shift_y=&#8220;0&#8243; z_index=&#8220;0&#8243;][vc_column_text] \u00dcber uns Die F\u00f6rdergesellschaft Kunst- und Familienhaus Waldsieversdorf\/Berlin e.V. betreibt und belebt seit 2008 das ehemalige P\u00e4dagogium am Gro\u00dfen D\u00e4bersee in Waldsieversdorf, das f\u00fcr zahlreiche Formen gemeinschaftlich-famili\u00e4ren Erlebens im Rahmen von kreativen Aktivit\u00e4ten, Workshops und Begegnungen genutzt wird. Im Fokus steht dabei die Produktion hochwertiger Kunst- und Kulturveranstaltungen&#8230;<\/p>\n<p><a rel=\"bookmark\" class=\"loud_button_alt wvc-button wvc-button-size-xs\" href=\"https:\/\/waldoradofestival.de\/2021\/ueber-uns\/\"><span>Continue reading<\/span><\/a><\/p>\n","protected":false},"author":1,"featured_media":0,"parent":0,"menu_order":0,"comment_status":"closed","ping_status":"closed","template":"","meta":{"footnotes":""},"class_list":{"0":"post-304","1":"page","2":"type-page","3":"status-publish","4":"hentry","5":"entry","6":"clearfix","7":"entry-grid","8":"entry-columns-default","9":"no-post-thumbnail","10":"entry-page","12":"entry-page-grid"},"yoast_head":"<!-- This site is optimized with the Yoast SEO plugin v24.9 - https:\/\/yoast.com\/wordpress\/plugins\/seo\/ -->\n<title>\u00dcber uns - Waldorado Festival<\/title>\n<meta name=\"robots\" content=\"index, follow, max-snippet:-1, max-image-preview:large, max-video-preview:-1\" \/>\n<link rel=\"canonical\" href=\"https:\/\/waldoradofestival.de\/2021\/ueber-uns\/\" \/>\n<meta property=\"og:locale\" content=\"de_DE\" \/>\n<meta property=\"og:type\" content=\"article\" \/>\n<meta property=\"og:title\" content=\"\u00dcber uns - Waldorado Festival\" \/>\n<meta property=\"og:description\" content=\"[vc_row][vc_column width=&#8220;1\/6&#8243;][\/vc_column][vc_column text_alignment=&#8220;center&#8220; width=&#8220;2\/3&#8243; shift_x=&#8220;0&#8243; shift_y=&#8220;0&#8243; z_index=&#8220;0&#8243;][vc_column_text] \u00dcber uns Die F\u00f6rdergesellschaft Kunst- und Familienhaus Waldsieversdorf\/Berlin e.V. betreibt und belebt seit 2008 das ehemalige P\u00e4dagogium am Gro\u00dfen D\u00e4bersee in Waldsieversdorf, das f\u00fcr zahlreiche Formen gemeinschaftlich-famili\u00e4ren Erlebens im Rahmen von kreativen Aktivit\u00e4ten, Workshops und Begegnungen genutzt wird. Im Fokus steht dabei die Produktion hochwertiger Kunst- und Kulturveranstaltungen...Continue reading\" \/>\n<meta property=\"og:url\" content=\"https:\/\/waldoradofestival.de\/2021\/ueber-uns\/\" \/>\n<meta property=\"og:site_name\" content=\"Waldorado Festival\" \/>\n<meta property=\"article:modified_time\" content=\"2019-07-18T17:51:19+00:00\" \/>\n<meta property=\"og:image\" content=\"https:\/\/waldoradofestival.de\/2021\/wp-content\/uploads\/2019\/07\/logo-verein-siewaldsdorf-schwarz.png\" \/>\n<meta name=\"twitter:card\" content=\"summary_large_image\" \/>\n<meta name=\"twitter:label1\" content=\"Gesch\u00e4tzte Lesezeit\" \/>\n\t<meta name=\"twitter:data1\" content=\"1\u00a0Minute\" \/>\n<script type=\"application\/ld+json\" class=\"yoast-schema-graph\">{\"@context\":\"https:\/\/schema.org\",\"@graph\":[{\"@type\":\"WebPage\",\"@id\":\"https:\/\/waldoradofestival.de\/2021\/ueber-uns\/\",\"url\":\"https:\/\/waldoradofestival.de\/2021\/ueber-uns\/\",\"name\":\"\u00dcber uns - Waldorado Festival\",\"isPartOf\":{\"@id\":\"https:\/\/waldoradofestival.de\/2021\/#website\"},\"primaryImageOfPage\":{\"@id\":\"https:\/\/waldoradofestival.de\/2021\/ueber-uns\/#primaryimage\"},\"image\":{\"@id\":\"https:\/\/waldoradofestival.de\/2021\/ueber-uns\/#primaryimage\"},\"thumbnailUrl\":\"https:\/\/waldoradofestival.de\/2021\/wp-content\/uploads\/2019\/07\/logo-verein-siewaldsdorf-schwarz.png\",\"datePublished\":\"2019-06-07T05:29:37+00:00\",\"dateModified\":\"2019-07-18T17:51:19+00:00\",\"breadcrumb\":{\"@id\":\"https:\/\/waldoradofestival.de\/2021\/ueber-uns\/#breadcrumb\"},\"inLanguage\":\"de\",\"potentialAction\":[{\"@type\":\"ReadAction\",\"target\":[\"https:\/\/waldoradofestival.de\/2021\/ueber-uns\/\"]}]},{\"@type\":\"ImageObject\",\"inLanguage\":\"de\",\"@id\":\"https:\/\/waldoradofestival.de\/2021\/ueber-uns\/#primaryimage\",\"url\":\"https:\/\/waldoradofestival.de\/2021\/wp-content\/uploads\/2019\/07\/logo-verein-siewaldsdorf-schwarz.png\",\"contentUrl\":\"https:\/\/waldoradofestival.de\/2021\/wp-content\/uploads\/2019\/07\/logo-verein-siewaldsdorf-schwarz.png\",\"width\":800,\"height\":581,\"caption\":\"Haus f\u00fcr Kunst & Familie Waldsieversdorf\"},{\"@type\":\"BreadcrumbList\",\"@id\":\"https:\/\/waldoradofestival.de\/2021\/ueber-uns\/#breadcrumb\",\"itemListElement\":[{\"@type\":\"ListItem\",\"position\":1,\"name\":\"Startseite\",\"item\":\"https:\/\/waldoradofestival.de\/2021\/\"},{\"@type\":\"ListItem\",\"position\":2,\"name\":\"\u00dcber uns\"}]},{\"@type\":\"WebSite\",\"@id\":\"https:\/\/waldoradofestival.de\/2021\/#website\",\"url\":\"https:\/\/waldoradofestival.de\/2021\/\",\"name\":\"Waldorado Festival\",\"description\":\"Familienkultur in der Natur \u2013 16.-18.08. in Waldsieversdorf\",\"potentialAction\":[{\"@type\":\"SearchAction\",\"target\":{\"@type\":\"EntryPoint\",\"urlTemplate\":\"https:\/\/waldoradofestival.de\/2021\/?s={search_term_string}\"},\"query-input\":{\"@type\":\"PropertyValueSpecification\",\"valueRequired\":true,\"valueName\":\"search_term_string\"}}],\"inLanguage\":\"de\"}]}<\/script>\n<!-- \/ Yoast SEO plugin. -->","yoast_head_json":{"title":"\u00dcber uns - Waldorado Festival","robots":{"index":"index","follow":"follow","max-snippet":"max-snippet:-1","max-image-preview":"max-image-preview:large","max-video-preview":"max-video-preview:-1"},"canonical":"https:\/\/waldoradofestival.de\/2021\/ueber-uns\/","og_locale":"de_DE","og_type":"article","og_title":"\u00dcber uns - Waldorado Festival","og_description":"[vc_row][vc_column width=&#8220;1\/6&#8243;][\/vc_column][vc_column text_alignment=&#8220;center&#8220; width=&#8220;2\/3&#8243; shift_x=&#8220;0&#8243; shift_y=&#8220;0&#8243; z_index=&#8220;0&#8243;][vc_column_text] \u00dcber uns Die F\u00f6rdergesellschaft Kunst- und Familienhaus Waldsieversdorf\/Berlin e.V. betreibt und belebt seit 2008 das ehemalige P\u00e4dagogium am Gro\u00dfen D\u00e4bersee in Waldsieversdorf, das f\u00fcr zahlreiche Formen gemeinschaftlich-famili\u00e4ren Erlebens im Rahmen von kreativen Aktivit\u00e4ten, Workshops und Begegnungen genutzt wird. Im Fokus steht dabei die Produktion hochwertiger Kunst- und Kulturveranstaltungen...Continue reading","og_url":"https:\/\/waldoradofestival.de\/2021\/ueber-uns\/","og_site_name":"Waldorado Festival","article_modified_time":"2019-07-18T17:51:19+00:00","og_image":[{"url":"https:\/\/waldoradofestival.de\/2021\/wp-content\/uploads\/2019\/07\/logo-verein-siewaldsdorf-schwarz.png","type":"","width":"","height":""}],"twitter_card":"summary_large_image","twitter_misc":{"Gesch\u00e4tzte Lesezeit":"1\u00a0Minute"},"schema":{"@context":"https:\/\/schema.org","@graph":[{"@type":"WebPage","@id":"https:\/\/waldoradofestival.de\/2021\/ueber-uns\/","url":"https:\/\/waldoradofestival.de\/2021\/ueber-uns\/","name":"\u00dcber uns - Waldorado Festival","isPartOf":{"@id":"https:\/\/waldoradofestival.de\/2021\/#website"},"primaryImageOfPage":{"@id":"https:\/\/waldoradofestival.de\/2021\/ueber-uns\/#primaryimage"},"image":{"@id":"https:\/\/waldoradofestival.de\/2021\/ueber-uns\/#primaryimage"},"thumbnailUrl":"https:\/\/waldoradofestival.de\/2021\/wp-content\/uploads\/2019\/07\/logo-verein-siewaldsdorf-schwarz.png","datePublished":"2019-06-07T05:29:37+00:00","dateModified":"2019-07-18T17:51:19+00:00","breadcrumb":{"@id":"https:\/\/waldoradofestival.de\/2021\/ueber-uns\/#breadcrumb"},"inLanguage":"de","potentialAction":[{"@type":"ReadAction","target":["https:\/\/waldoradofestival.de\/2021\/ueber-uns\/"]}]},{"@type":"ImageObject","inLanguage":"de","@id":"https:\/\/waldoradofestival.de\/2021\/ueber-uns\/#primaryimage","url":"https:\/\/waldoradofestival.de\/2021\/wp-content\/uploads\/2019\/07\/logo-verein-siewaldsdorf-schwarz.png","contentUrl":"https:\/\/waldoradofestival.de\/2021\/wp-content\/uploads\/2019\/07\/logo-verein-siewaldsdorf-schwarz.png","width":800,"height":581,"caption":"Haus f\u00fcr Kunst & Familie Waldsieversdorf"},{"@type":"BreadcrumbList","@id":"https:\/\/waldoradofestival.de\/2021\/ueber-uns\/#breadcrumb","itemListElement":[{"@type":"ListItem","position":1,"name":"Startseite","item":"https:\/\/waldoradofestival.de\/2021\/"},{"@type":"ListItem","position":2,"name":"\u00dcber uns"}]},{"@type":"WebSite","@id":"https:\/\/waldoradofestival.de\/2021\/#website","url":"https:\/\/waldoradofestival.de\/2021\/","name":"Waldorado Festival","description":"Familienkultur in der Natur \u2013 16.-18.08. in Waldsieversdorf","potentialAction":[{"@type":"SearchAction","target":{"@type":"EntryPoint","urlTemplate":"https:\/\/waldoradofestival.de\/2021\/?s={search_term_string}"},"query-input":{"@type":"PropertyValueSpecification","valueRequired":true,"valueName":"search_term_string"}}],"inLanguage":"de"}]}},"_links":{"self":[{"href":"https:\/\/waldoradofestival.de\/2021\/wp-json\/wp\/v2\/pages\/304","targetHints":{"allow":["GET"]}}],"collection":[{"href":"https:\/\/waldoradofestival.de\/2021\/wp-json\/wp\/v2\/pages"}],"about":[{"href":"https:\/\/waldoradofestival.de\/2021\/wp-json\/wp\/v2\/types\/page"}],"author":[{"embeddable":true,"href":"https:\/\/waldoradofestival.de\/2021\/wp-json\/wp\/v2\/users\/1"}],"replies":[{"embeddable":true,"href":"https:\/\/waldoradofestival.de\/2021\/wp-json\/wp\/v2\/comments?post=304"}],"version-history":[{"count":8,"href":"https:\/\/waldoradofestival.de\/2021\/wp-json\/wp\/v2\/pages\/304\/revisions"}],"predecessor-version":[{"id":1003,"href":"https:\/\/waldoradofestival.de\/2021\/wp-json\/wp\/v2\/pages\/304\/revisions\/1003"}],"wp:attachment":[{"href":"https:\/\/waldoradofestival.de\/2021\/wp-json\/wp\/v2\/media?parent=304"}],"curies":[{"name":"wp","href":"https:\/\/api.w.org\/{rel}","templated":true}]}}