{"id":298,"date":"2019-06-07T07:29:01","date_gmt":"2019-06-07T05:29:01","guid":{"rendered":"https:\/\/waldoradofestival.de\/2022\/?page_id=298"},"modified":"2022-08-24T09:54:00","modified_gmt":"2022-08-24T07:54:00","slug":"informationen","status":"publish","type":"page","link":"https:\/\/waldoradofestival.de\/2022\/informationen\/","title":{"rendered":"Informationen"},"content":{"rendered":"<p>[vc_row][vc_column width=&#8220;1\/6&#8243;][\/vc_column][vc_column text_alignment=&#8220;center&#8220; width=&#8220;2\/3&#8243; shift_x=&#8220;0&#8243; shift_y=&#8220;0&#8243; z_index=&#8220;0&#8243;][vc_column_text]<\/p>\n<h1>Informationen<\/h1>\n<p>Das WALDORADOFESTIVAL ist ein fantasiereiches, partizipatives und inklusives Kunst- und Kulturfestival in der Natur: f\u00fcr Familien und ihre Freund*innen. Hinaus aus dem Alltag und hinein in ein Wunderland aus Musik, Theater und Tanz \u00a0zum Erleben und Mitmachen &#8211; zauberhaft gelegen in Buckow in der M\u00e4rkischen Schweiz auf dem Gel\u00e4nde der ehemaligen Jugendherberge. Eine Badestelle ist in wenigen Minuten fu\u00dfl\u00e4ufig erreichbar.<\/p>\n<p>Vom Baby bis zum Urgro\u00dfvater ist hier jeder herzlich Willkomen. Ob Regenbogenfamilie, Patchworkschwippschwager oder Wahlverwandter, wir m\u00f6chten euch alle einladen, ein zauberhaftes Wochenende \u00a0in der wundersch\u00f6nen m\u00e4rkischen Natur zu verbringen. Wir haben uns ganz sch\u00f6n ins Zeug gelegt, neben coolen Bands und Performances, Musik-, Kunst- und Bewegungsworkshops einen gro\u00dfen Fokus auf die Natur, die uns umgibt zu legen. Und in unserem Diskursclub k\u00f6nnen au\u00dferdem gro\u00dfe und kleine Menschen miteinander ins Gespr\u00e4ch kommen, nachdenken, fragen stellen und \u00a0philosophieren. Wir hoffen auf viele neue Freundschaften, die gekn\u00fcpft,\u00a0Netze die gespannt und neue B\u00fcndnisse, die gestrickt werden.<\/p>\n<p>Und damit das alles m\u00f6glichst gut klappt, versuchen wir an dieser Stelle, alle wichtigen Fragen zu beantworten:<\/p>\n<h2>\u00d6FFNUNGSZEITEN<\/h2>\n<p>Das WALDORADO FESTIVAL startet offiziell am Samstag, 27.08.2022 um 11:00 Uhr und endet am Sonntag, 28.08.2022 um 18:00 Uhr.<\/p>\n<p>Ein\u00adlass ist am Samstag ab 10:00 Uhr. Festivalg\u00e4ste, die campen m\u00f6chten k\u00f6nnen bereits am Freitag anreisen.<\/p>\n<h2>EINLASS &amp; BEGINN<\/h2>\n<p>Der Check-In ist zu folgenden Zeiten besetzt:<br \/>\nSamstag 10:00 \u2013 21:00<br \/>\nSonntag 09:00 \u2013 17:00<\/p>\n<h2>Hygienekonzept<\/h2>\n<p>F\u00fcr das Hygienekonzept des Waldorado Festivals stehen wir im engen Austausch mit den \u00f6rtlichen Beh\u00f6rden und passen es an die geltende Bestimmungen und Auflagen an.<\/p>\n<p>Das Festivalpersonal hilft bei allen Fragen rund um dieses Thema. Bereiche des Rahmenprogrammes, Gastronomiebereiche und Sanit\u00e4re Anlagen werden nat\u00fcrlich intensiv gereinigt.<\/p>\n<p>Desinfektionsmittel stellen wir an allen relevanten Stellen f\u00fcr euch zur Verf\u00fcgung.<\/p>\n<h2>ESSEN &amp; TRINKEN<\/h2>\n<p>Es wird verschiedene St\u00e4nde mit Essen geben, au\u00dferdem Eis, Getr\u00e4nke und eine Weinbar &#8211; vor allem von regionalen Anbietern. Wir geben uns M\u00fche, daf\u00fcr zu sorgen, dass die Auswahl f\u00fcr jedes Bed\u00fcrfnis etwas zu bieten hat.<\/p>\n<h2>CAMPING<\/h2>\n<p>Camping mit Bullies und Wohnmobilen ist direkt neben dem Festivalgel\u00e4nde m\u00f6glich. Eine Wiese zum Zelten in unmittelbarer N\u00e4he des Campingplatzes ist ebenfalls vorhanden.<\/p>\n<p>ACHTUNG UPDATE: Es wird NUR Dixietoiletten mit Handwaschbecken geben, Duschen oder Trinkwasser k\u00f6nnen wir aus Genehmigungsgr\u00fcnden leider nicht anbieten!<\/p>\n<p>Bitte meldet euch dazu kurz bei <a href=\"mailto:camping@waldoradofestival.de\">camping@waldoradofestival.de<\/a> an, damit wir einsch\u00e4tzen k\u00f6nnen, dass der Platz reicht.<\/p>\n<p>Wer auf einem &#8222;echten&#8220; Campingplatz mit Duschen etc. \u00fcbernachten m\u00f6chte: der Campingplatz in Waldsieversdorf (3 km entfernt) hat einen neuen sehr netten P\u00e4chter und freut sich \u00fcber Familien. Telefonische Buchung bei Garrick: 0172 &#8211; 7702977.<\/p>\n<h2>BARGELD<\/h2>\n<p>In Buckow gibt es einen Geldautomaten. Auf dem Festivalgel\u00e4nde kann nur mit Bargeld bezahlt werden.<\/p>\n<h2>EINKAUFEN<\/h2>\n<p>In Buckow gibt es am Samstag Einkaufsm\u00f6glichkeiten. Der Bioladen &#8222;Buckower K\u00f6stlichkeiten&#8220; hat Samstags bis 16:30 Uhr ge\u00f6ffnet.<\/p>\n<h2>FEUER &amp; GRILLEN<\/h2>\n<p>Offene Feuer sind strengstens unter\u00adsagt. F\u00fcr Raucher*innen stellen wir Taschenaschenbecher zur Verf\u00fcgung. Wir teilen euch vor Ort die Waldbrandstufe mit.<\/p>\n<h2>HAFTUNG<\/h2>\n<p>Die Teilnahme am WALDORADO FESTIVAL erfolgt grund\u00ads\u00e4tzlich in eigener Ver\u00adant\u00adwortung. Eltern haften immer und \u00fcberall f\u00fcr ihre Kinder.<\/p>\n<p>Wir \u00fcber\u00adnehmen keine Haftung f\u00fcr k\u00f6rperliche und sachliche Sch\u00e4den w\u00e4hrend der Ver\u00adan\u00adstaltung und auch nicht im Rahmen der An- und Abreise.<\/p>\n<p>Den Anweisungen des Ordnungspersonals, der Feuerwehr und des DRK ist Folge zu leisten!<\/p>\n<h2>ERSTE HILFE<\/h2>\n<p>F\u00fcr kleine Wehwehchen wird es eine kompetente Anlaufstelle geben.<\/p>\n<h2>M\u00dcLL<\/h2>\n<p>Wir bem\u00fchen uns, ein m\u00f6glichst m\u00fcllarmes Festival zu organisieren. F\u00fcr den M\u00fcll, der trotzdem anf\u00e4llt werden M\u00fclleimer bereit stehen.<\/p>\n<h2>ANWOHNER<\/h2>\n<p>Bitte respektiert die Bed\u00fcrfnisse und insbesondere die Nachtruhe der hier lebenden Menschen.<\/p>\n<h2>UNWETTER<\/h2>\n<p>Bei Unwetter ist den Ansagen des Veranstalters folge zu leisten.<br \/>\nBei schwerem Unwetter (mit Blitz\u00adschlag):<br \/>\nTanz\u00adfl\u00e4che und Ver\u00adan\u00adstalt\u00adungs\u00adgel\u00e4nde verlassen!<br \/>\nRaus aus dem Wasser!<br \/>\nRuhe bewahren<br \/>\nIn die Fahrzeuge begeben!<br \/>\nAnderen Besuchern im Fahrzeug Schutz anbieten!<br \/>\nDen Wald meiden!<br \/>\nHilfsbed\u00fcrftigen und Verletzten helfen!<br \/>\nAuf Ansagen des Veranstalters achten!<\/p>\n<h2>ANDERE FRAGEN?<\/h2>\n<p style=\"padding-left: 40px;\"><a href=\"mailto:info@waldoradofestival.de\">info@waldoradofestival.de<\/a><\/p>\n<p>[\/vc_column_text][\/vc_column][vc_column width=&#8220;1\/6&#8243;][\/vc_column][\/vc_row]<\/p>\n","protected":false},"excerpt":{"rendered":"<p>[vc_row][vc_column width=&#8220;1\/6&#8243;][\/vc_column][vc_column text_alignment=&#8220;center&#8220; width=&#8220;2\/3&#8243; shift_x=&#8220;0&#8243; shift_y=&#8220;0&#8243; z_index=&#8220;0&#8243;][vc_column_text] Informationen Das WALDORADOFESTIVAL ist ein fantasiereiches, partizipatives und inklusives Kunst- und Kulturfestival in der Natur: f\u00fcr Familien und ihre Freund*innen. Hinaus aus dem Alltag und hinein in ein Wunderland aus Musik, Theater und Tanz \u00a0zum Erleben und Mitmachen &#8211; zauberhaft gelegen in Buckow in der M\u00e4rkischen Schweiz auf&#8230;<\/p>\n<p><a rel=\"bookmark\" class=\"loud_button_alt wvc-button wvc-button-size-xs\" href=\"https:\/\/waldoradofestival.de\/2022\/informationen\/\"><span>Continue reading<\/span><\/a><\/p>\n","protected":false},"author":1,"featured_media":0,"parent":0,"menu_order":0,"comment_status":"closed","ping_status":"closed","template":"","meta":{"footnotes":""},"class_list":{"0":"post-298","1":"page","2":"type-page","3":"status-publish","4":"hentry","5":"entry","6":"clearfix","7":"entry-grid","8":"entry-columns-default","9":"no-post-thumbnail","10":"entry-page","12":"entry-page-grid"},"yoast_head":"<!-- This site is optimized with the Yoast SEO plugin v24.9 - https:\/\/yoast.com\/wordpress\/plugins\/seo\/ -->\n<title>Informationen - Waldorado Festival<\/title>\n<meta name=\"description\" content=\"Das WALDORADOFESTIVAL ist ein fantasiereiches, partizipatives und inklusives Kunst- und Kulturfestival in der Natur: f\u00fcr Familien und ihre Freund*innen.\" \/>\n<meta name=\"robots\" content=\"index, follow, max-snippet:-1, max-image-preview:large, max-video-preview:-1\" \/>\n<link rel=\"canonical\" href=\"https:\/\/waldoradofestival.de\/2022\/informationen\/\" \/>\n<meta property=\"og:locale\" content=\"de_DE\" \/>\n<meta property=\"og:type\" content=\"article\" \/>\n<meta property=\"og:title\" content=\"Informationen - Waldorado Festival\" \/>\n<meta property=\"og:description\" content=\"Das WALDORADOFESTIVAL ist ein fantasiereiches, partizipatives und inklusives Kunst- und Kulturfestival in der Natur: f\u00fcr Familien und ihre Freund*innen.\" \/>\n<meta property=\"og:url\" content=\"https:\/\/waldoradofestival.de\/2022\/informationen\/\" \/>\n<meta property=\"og:site_name\" content=\"Waldorado Festival\" \/>\n<meta property=\"article:modified_time\" content=\"2022-08-24T07:54:00+00:00\" \/>\n<meta name=\"twitter:card\" content=\"summary_large_image\" \/>\n<meta name=\"twitter:label1\" content=\"Gesch\u00e4tzte Lesezeit\" \/>\n\t<meta name=\"twitter:data1\" content=\"4\u00a0Minuten\" \/>\n<script type=\"application\/ld+json\" class=\"yoast-schema-graph\">{\"@context\":\"https:\/\/schema.org\",\"@graph\":[{\"@type\":\"WebPage\",\"@id\":\"https:\/\/waldoradofestival.de\/2022\/informationen\/\",\"url\":\"https:\/\/waldoradofestival.de\/2022\/informationen\/\",\"name\":\"Informationen - Waldorado Festival\",\"isPartOf\":{\"@id\":\"https:\/\/waldoradofestival.de\/2022\/#website\"},\"datePublished\":\"2019-06-07T05:29:01+00:00\",\"dateModified\":\"2022-08-24T07:54:00+00:00\",\"description\":\"Das WALDORADOFESTIVAL ist ein fantasiereiches, partizipatives und inklusives Kunst- und Kulturfestival in der Natur: f\u00fcr Familien und ihre Freund*innen.\",\"breadcrumb\":{\"@id\":\"https:\/\/waldoradofestival.de\/2022\/informationen\/#breadcrumb\"},\"inLanguage\":\"de\",\"potentialAction\":[{\"@type\":\"ReadAction\",\"target\":[\"https:\/\/waldoradofestival.de\/2022\/informationen\/\"]}]},{\"@type\":\"BreadcrumbList\",\"@id\":\"https:\/\/waldoradofestival.de\/2022\/informationen\/#breadcrumb\",\"itemListElement\":[{\"@type\":\"ListItem\",\"position\":1,\"name\":\"Startseite\",\"item\":\"https:\/\/waldoradofestival.de\/2022\/\"},{\"@type\":\"ListItem\",\"position\":2,\"name\":\"Informationen\"}]},{\"@type\":\"WebSite\",\"@id\":\"https:\/\/waldoradofestival.de\/2022\/#website\",\"url\":\"https:\/\/waldoradofestival.de\/2022\/\",\"name\":\"Waldorado Festival\",\"description\":\"Familienkultur in der Natur \u2013 16.-18.08. in Waldsieversdorf\",\"potentialAction\":[{\"@type\":\"SearchAction\",\"target\":{\"@type\":\"EntryPoint\",\"urlTemplate\":\"https:\/\/waldoradofestival.de\/2022\/?s={search_term_string}\"},\"query-input\":{\"@type\":\"PropertyValueSpecification\",\"valueRequired\":true,\"valueName\":\"search_term_string\"}}],\"inLanguage\":\"de\"}]}<\/script>\n<!-- \/ Yoast SEO plugin. -->","yoast_head_json":{"title":"Informationen - Waldorado Festival","description":"Das WALDORADOFESTIVAL ist ein fantasiereiches, partizipatives und inklusives Kunst- und Kulturfestival in der Natur: f\u00fcr Familien und ihre Freund*innen.","robots":{"index":"index","follow":"follow","max-snippet":"max-snippet:-1","max-image-preview":"max-image-preview:large","max-video-preview":"max-video-preview:-1"},"canonical":"https:\/\/waldoradofestival.de\/2022\/informationen\/","og_locale":"de_DE","og_type":"article","og_title":"Informationen - Waldorado Festival","og_description":"Das WALDORADOFESTIVAL ist ein fantasiereiches, partizipatives und inklusives Kunst- und Kulturfestival in der Natur: f\u00fcr Familien und ihre Freund*innen.","og_url":"https:\/\/waldoradofestival.de\/2022\/informationen\/","og_site_name":"Waldorado Festival","article_modified_time":"2022-08-24T07:54:00+00:00","twitter_card":"summary_large_image","twitter_misc":{"Gesch\u00e4tzte Lesezeit":"4\u00a0Minuten"},"schema":{"@context":"https:\/\/schema.org","@graph":[{"@type":"WebPage","@id":"https:\/\/waldoradofestival.de\/2022\/informationen\/","url":"https:\/\/waldoradofestival.de\/2022\/informationen\/","name":"Informationen - Waldorado Festival","isPartOf":{"@id":"https:\/\/waldoradofestival.de\/2022\/#website"},"datePublished":"2019-06-07T05:29:01+00:00","dateModified":"2022-08-24T07:54:00+00:00","description":"Das WALDORADOFESTIVAL ist ein fantasiereiches, partizipatives und inklusives Kunst- und Kulturfestival in der Natur: f\u00fcr Familien und ihre Freund*innen.","breadcrumb":{"@id":"https:\/\/waldoradofestival.de\/2022\/informationen\/#breadcrumb"},"inLanguage":"de","potentialAction":[{"@type":"ReadAction","target":["https:\/\/waldoradofestival.de\/2022\/informationen\/"]}]},{"@type":"BreadcrumbList","@id":"https:\/\/waldoradofestival.de\/2022\/informationen\/#breadcrumb","itemListElement":[{"@type":"ListItem","position":1,"name":"Startseite","item":"https:\/\/waldoradofestival.de\/2022\/"},{"@type":"ListItem","position":2,"name":"Informationen"}]},{"@type":"WebSite","@id":"https:\/\/waldoradofestival.de\/2022\/#website","url":"https:\/\/waldoradofestival.de\/2022\/","name":"Waldorado Festival","description":"Familienkultur in der Natur \u2013 16.-18.08. in Waldsieversdorf","potentialAction":[{"@type":"SearchAction","target":{"@type":"EntryPoint","urlTemplate":"https:\/\/waldoradofestival.de\/2022\/?s={search_term_string}"},"query-input":{"@type":"PropertyValueSpecification","valueRequired":true,"valueName":"search_term_string"}}],"inLanguage":"de"}]}},"_links":{"self":[{"href":"https:\/\/waldoradofestival.de\/2022\/wp-json\/wp\/v2\/pages\/298","targetHints":{"allow":["GET"]}}],"collection":[{"href":"https:\/\/waldoradofestival.de\/2022\/wp-json\/wp\/v2\/pages"}],"about":[{"href":"https:\/\/waldoradofestival.de\/2022\/wp-json\/wp\/v2\/types\/page"}],"author":[{"embeddable":true,"href":"https:\/\/waldoradofestival.de\/2022\/wp-json\/wp\/v2\/users\/1"}],"replies":[{"embeddable":true,"href":"https:\/\/waldoradofestival.de\/2022\/wp-json\/wp\/v2\/comments?post=298"}],"version-history":[{"count":28,"href":"https:\/\/waldoradofestival.de\/2022\/wp-json\/wp\/v2\/pages\/298\/revisions"}],"predecessor-version":[{"id":2420,"href":"https:\/\/waldoradofestival.de\/2022\/wp-json\/wp\/v2\/pages\/298\/revisions\/2420"}],"wp:attachment":[{"href":"https:\/\/waldoradofestival.de\/2022\/wp-json\/wp\/v2\/media?parent=298"}],"curies":[{"name":"wp","href":"https:\/\/api.w.org\/{rel}","templated":true}]}}