{"id":302,"date":"2019-06-07T07:29:24","date_gmt":"2019-06-07T05:29:24","guid":{"rendered":"https:\/\/waldoradofestival.de\/2022\/?page_id=302"},"modified":"2019-08-05T00:15:44","modified_gmt":"2019-08-04T22:15:44","slug":"inklusion","status":"publish","type":"page","link":"https:\/\/waldoradofestival.de\/2022\/inklusion\/","title":{"rendered":"Inklusion"},"content":{"rendered":"<p>[vc_row][vc_column width=&#8220;1\/6&#8243;][\/vc_column][vc_column text_alignment=&#8220;center&#8220; width=&#8220;2\/3&#8243; shift_x=&#8220;0&#8243; shift_y=&#8220;0&#8243; z_index=&#8220;0&#8243;][vc_column_text]<\/p>\n<div class=\"page\" title=\"Page 35\">\n<div class=\"section\">\n<div class=\"layoutArea\">\n<div class=\"column\">\n<h2>INKLUSION<\/h2>\n<p>Wir setzen uns daf\u00fcr ein, allen gro\u00dfen und kleinen G\u00e4sten mit Behinderungen, besonderen Anforderungen oder zus\u00e4tzlichen Bed\u00fcrfnissen ein leicht zug\u00e4ngliches und gemeinschaftliches Erlebnis zu bieten. Wir werden daran arbeiten, unser Festival so barrierefrei wie m\u00f6glich zu gestalten und werden uns bem\u00fchen, f\u00fcr jedes individuelle Bed\u00fcrfnis gemeinsam eine L\u00f6sung zu finden. Kontaktiert uns gerne im Vorfeld unter <a href=\"mailto:inklusion@waldoradofestival.de\">inklusion@waldoradofestival.de<\/a><\/p>\n<h2>ACHTSAMKEIT<\/h2>\n<p>Toleranz, Miteinander und Respekt sind uns extrem wichtig. Das bedeutet f\u00fcr uns, dass wir keinerlei \u00dcbergriffe oder diskriminierendes Verhalten dulden &#8211; egal, welcher Art. Das WALDORADO FESTIVAL soll ein sicherer Ort f\u00fcr alle sein. Wir werden ein Team vor Ort haben, an das sich Menschen wenden k\u00f6nnen, die sich in ihren pers\u00f6nlichen Grenzen verletzt f\u00fchlen.<\/p>\n<div class=\"page\" title=\"Page 34\">\n<div class=\"section\">\n<div class=\"layoutArea\">\n<div class=\"column\">\n<h2>GENDER EQUALITY<\/h2>\n<p>Ungleichheiten sind keine Gef\u00fchlssache, sondern messbar. Wir bem\u00fchen uns in in unseren Planungs- und Entscheidungsprozessen, um die Gleichstellungsaspekte von M\u00e4nnern und Frauen und \u00fcbernehmen Verantwortung f\u00fcr deren Umsetzung. Neben einem explizit diversen, inklusiven und quotierten Booking,\u00a0konzipieren wir auch unser Festivalprogramm nach dem Prinzip, tradierte Geschlechterbilder zu irritieren, zu diskutieren und zu erweitern. Das WALDORADO FESTIVAL schreibt sich die hierarchiefreie Begegnung von M\u00e4dchen und Jungen auf die Fahnen und setzt sich die \u00dcberwindung der gesellschaftlichen Geschlechterverh\u00e4ltnisse zum Ziel.<\/p>\n<\/div>\n<\/div>\n<\/div>\n<\/div>\n<\/div>\n<\/div>\n<\/div>\n<\/div>\n<p>[\/vc_column_text][\/vc_column][vc_column width=&#8220;1\/6&#8243;][\/vc_column][\/vc_row]<\/p>\n","protected":false},"excerpt":{"rendered":"<p>[vc_row][vc_column width=&#8220;1\/6&#8243;][\/vc_column][vc_column text_alignment=&#8220;center&#8220; width=&#8220;2\/3&#8243; shift_x=&#8220;0&#8243; shift_y=&#8220;0&#8243; z_index=&#8220;0&#8243;][vc_column_text] INKLUSION Wir setzen uns daf\u00fcr ein, allen gro\u00dfen und kleinen G\u00e4sten mit Behinderungen, besonderen Anforderungen oder zus\u00e4tzlichen Bed\u00fcrfnissen ein leicht zug\u00e4ngliches und gemeinschaftliches Erlebnis zu bieten. Wir werden daran arbeiten, unser Festival so barrierefrei wie m\u00f6glich zu gestalten und werden uns bem\u00fchen, f\u00fcr jedes individuelle Bed\u00fcrfnis gemeinsam eine&#8230;<\/p>\n<p><a rel=\"bookmark\" class=\"loud_button_alt wvc-button wvc-button-size-xs\" href=\"https:\/\/waldoradofestival.de\/2022\/inklusion\/\"><span>Continue reading<\/span><\/a><\/p>\n","protected":false},"author":1,"featured_media":0,"parent":0,"menu_order":0,"comment_status":"closed","ping_status":"closed","template":"","meta":{"footnotes":""},"class_list":{"0":"post-302","1":"page","2":"type-page","3":"status-publish","4":"hentry","5":"entry","6":"clearfix","7":"entry-grid","8":"entry-columns-default","9":"no-post-thumbnail","10":"entry-page","12":"entry-page-grid"},"yoast_head":"<!-- This site is optimized with the Yoast SEO plugin v24.9 - https:\/\/yoast.com\/wordpress\/plugins\/seo\/ -->\n<title>Inklusion - Waldorado Festival<\/title>\n<meta name=\"description\" content=\"INKLUSION. Wir setzen uns daf\u00fcr ein, allen gro\u00dfen und kleinen G\u00e4sten mit Behinderungen, besonderen Anforderungen oder zus\u00e4tzlichen Bed\u00fcrfnissen ein leicht\" \/>\n<meta name=\"robots\" content=\"index, follow, max-snippet:-1, max-image-preview:large, max-video-preview:-1\" \/>\n<link rel=\"canonical\" href=\"https:\/\/waldoradofestival.de\/2022\/inklusion\/\" \/>\n<meta property=\"og:locale\" content=\"de_DE\" \/>\n<meta property=\"og:type\" content=\"article\" \/>\n<meta property=\"og:title\" content=\"Inklusion - Waldorado Festival\" \/>\n<meta property=\"og:description\" content=\"INKLUSION. Wir setzen uns daf\u00fcr ein, allen gro\u00dfen und kleinen G\u00e4sten mit Behinderungen, besonderen Anforderungen oder zus\u00e4tzlichen Bed\u00fcrfnissen ein leicht\" \/>\n<meta property=\"og:url\" content=\"https:\/\/waldoradofestival.de\/2022\/inklusion\/\" \/>\n<meta property=\"og:site_name\" content=\"Waldorado Festival\" \/>\n<meta property=\"article:modified_time\" content=\"2019-08-04T22:15:44+00:00\" \/>\n<meta name=\"twitter:card\" content=\"summary_large_image\" \/>\n<meta name=\"twitter:label1\" content=\"Gesch\u00e4tzte Lesezeit\" \/>\n\t<meta name=\"twitter:data1\" content=\"1\u00a0Minute\" \/>\n<script type=\"application\/ld+json\" class=\"yoast-schema-graph\">{\"@context\":\"https:\/\/schema.org\",\"@graph\":[{\"@type\":\"WebPage\",\"@id\":\"https:\/\/waldoradofestival.de\/2022\/inklusion\/\",\"url\":\"https:\/\/waldoradofestival.de\/2022\/inklusion\/\",\"name\":\"Inklusion - Waldorado Festival\",\"isPartOf\":{\"@id\":\"https:\/\/waldoradofestival.de\/2022\/#website\"},\"datePublished\":\"2019-06-07T05:29:24+00:00\",\"dateModified\":\"2019-08-04T22:15:44+00:00\",\"description\":\"INKLUSION. Wir setzen uns daf\u00fcr ein, allen gro\u00dfen und kleinen G\u00e4sten mit Behinderungen, besonderen Anforderungen oder zus\u00e4tzlichen Bed\u00fcrfnissen ein leicht\",\"breadcrumb\":{\"@id\":\"https:\/\/waldoradofestival.de\/2022\/inklusion\/#breadcrumb\"},\"inLanguage\":\"de\",\"potentialAction\":[{\"@type\":\"ReadAction\",\"target\":[\"https:\/\/waldoradofestival.de\/2022\/inklusion\/\"]}]},{\"@type\":\"BreadcrumbList\",\"@id\":\"https:\/\/waldoradofestival.de\/2022\/inklusion\/#breadcrumb\",\"itemListElement\":[{\"@type\":\"ListItem\",\"position\":1,\"name\":\"Startseite\",\"item\":\"https:\/\/waldoradofestival.de\/2022\/\"},{\"@type\":\"ListItem\",\"position\":2,\"name\":\"Inklusion\"}]},{\"@type\":\"WebSite\",\"@id\":\"https:\/\/waldoradofestival.de\/2022\/#website\",\"url\":\"https:\/\/waldoradofestival.de\/2022\/\",\"name\":\"Waldorado Festival\",\"description\":\"Familienkultur in der Natur \u2013 16.-18.08. in Waldsieversdorf\",\"potentialAction\":[{\"@type\":\"SearchAction\",\"target\":{\"@type\":\"EntryPoint\",\"urlTemplate\":\"https:\/\/waldoradofestival.de\/2022\/?s={search_term_string}\"},\"query-input\":{\"@type\":\"PropertyValueSpecification\",\"valueRequired\":true,\"valueName\":\"search_term_string\"}}],\"inLanguage\":\"de\"}]}<\/script>\n<!-- \/ Yoast SEO plugin. -->","yoast_head_json":{"title":"Inklusion - Waldorado Festival","description":"INKLUSION. Wir setzen uns daf\u00fcr ein, allen gro\u00dfen und kleinen G\u00e4sten mit Behinderungen, besonderen Anforderungen oder zus\u00e4tzlichen Bed\u00fcrfnissen ein leicht","robots":{"index":"index","follow":"follow","max-snippet":"max-snippet:-1","max-image-preview":"max-image-preview:large","max-video-preview":"max-video-preview:-1"},"canonical":"https:\/\/waldoradofestival.de\/2022\/inklusion\/","og_locale":"de_DE","og_type":"article","og_title":"Inklusion - Waldorado Festival","og_description":"INKLUSION. Wir setzen uns daf\u00fcr ein, allen gro\u00dfen und kleinen G\u00e4sten mit Behinderungen, besonderen Anforderungen oder zus\u00e4tzlichen Bed\u00fcrfnissen ein leicht","og_url":"https:\/\/waldoradofestival.de\/2022\/inklusion\/","og_site_name":"Waldorado Festival","article_modified_time":"2019-08-04T22:15:44+00:00","twitter_card":"summary_large_image","twitter_misc":{"Gesch\u00e4tzte Lesezeit":"1\u00a0Minute"},"schema":{"@context":"https:\/\/schema.org","@graph":[{"@type":"WebPage","@id":"https:\/\/waldoradofestival.de\/2022\/inklusion\/","url":"https:\/\/waldoradofestival.de\/2022\/inklusion\/","name":"Inklusion - Waldorado Festival","isPartOf":{"@id":"https:\/\/waldoradofestival.de\/2022\/#website"},"datePublished":"2019-06-07T05:29:24+00:00","dateModified":"2019-08-04T22:15:44+00:00","description":"INKLUSION. Wir setzen uns daf\u00fcr ein, allen gro\u00dfen und kleinen G\u00e4sten mit Behinderungen, besonderen Anforderungen oder zus\u00e4tzlichen Bed\u00fcrfnissen ein leicht","breadcrumb":{"@id":"https:\/\/waldoradofestival.de\/2022\/inklusion\/#breadcrumb"},"inLanguage":"de","potentialAction":[{"@type":"ReadAction","target":["https:\/\/waldoradofestival.de\/2022\/inklusion\/"]}]},{"@type":"BreadcrumbList","@id":"https:\/\/waldoradofestival.de\/2022\/inklusion\/#breadcrumb","itemListElement":[{"@type":"ListItem","position":1,"name":"Startseite","item":"https:\/\/waldoradofestival.de\/2022\/"},{"@type":"ListItem","position":2,"name":"Inklusion"}]},{"@type":"WebSite","@id":"https:\/\/waldoradofestival.de\/2022\/#website","url":"https:\/\/waldoradofestival.de\/2022\/","name":"Waldorado Festival","description":"Familienkultur in der Natur \u2013 16.-18.08. in Waldsieversdorf","potentialAction":[{"@type":"SearchAction","target":{"@type":"EntryPoint","urlTemplate":"https:\/\/waldoradofestival.de\/2022\/?s={search_term_string}"},"query-input":{"@type":"PropertyValueSpecification","valueRequired":true,"valueName":"search_term_string"}}],"inLanguage":"de"}]}},"_links":{"self":[{"href":"https:\/\/waldoradofestival.de\/2022\/wp-json\/wp\/v2\/pages\/302","targetHints":{"allow":["GET"]}}],"collection":[{"href":"https:\/\/waldoradofestival.de\/2022\/wp-json\/wp\/v2\/pages"}],"about":[{"href":"https:\/\/waldoradofestival.de\/2022\/wp-json\/wp\/v2\/types\/page"}],"author":[{"embeddable":true,"href":"https:\/\/waldoradofestival.de\/2022\/wp-json\/wp\/v2\/users\/1"}],"replies":[{"embeddable":true,"href":"https:\/\/waldoradofestival.de\/2022\/wp-json\/wp\/v2\/comments?post=302"}],"version-history":[{"count":9,"href":"https:\/\/waldoradofestival.de\/2022\/wp-json\/wp\/v2\/pages\/302\/revisions"}],"predecessor-version":[{"id":1478,"href":"https:\/\/waldoradofestival.de\/2022\/wp-json\/wp\/v2\/pages\/302\/revisions\/1478"}],"wp:attachment":[{"href":"https:\/\/waldoradofestival.de\/2022\/wp-json\/wp\/v2\/media?parent=302"}],"curies":[{"name":"wp","href":"https:\/\/api.w.org\/{rel}","templated":true}]}}