{"id":912,"date":"2019-07-17T05:58:49","date_gmt":"2019-07-17T03:58:49","guid":{"rendered":"https:\/\/waldoradofestival.de\/2022\/?page_id=912"},"modified":"2022-08-21T11:44:36","modified_gmt":"2022-08-21T09:44:36","slug":"danke","status":"publish","type":"page","link":"https:\/\/waldoradofestival.de\/2022\/danke\/","title":{"rendered":"Danke"},"content":{"rendered":"<p>[vc_row content_width=&#8220;full&#8220; equal_height=&#8220;&#8220; background_type=&#8220;image&#8220; background_color=&#8220;white&#8220; background_img_lazyload=&#8220;1&#8243; shift_y=&#8220;0&#8243; z_index=&#8220;0&#8243; css=&#8220;.vc_custom_1571401856000{padding-top: 50px !important;}&#8220;][vc_column text_alignment=&#8220;center&#8220; width=&#8220;1\/6&#8243; background_type=&#8220;image&#8220; background_color=&#8220;white&#8220; background_img_lazyload=&#8220;1&#8243; shift_x=&#8220;0&#8243; shift_y=&#8220;0&#8243; z_index=&#8220;0&#8243;][\/vc_column][vc_column width=&#8220;2\/3&#8243;][vc_column_text]<\/p>\n<h1 style=\"text-align: center;\">Wir bedanken uns bei unseren F\u00f6rderern und Unterst\u00fctzern<\/h1>\n<p>[\/vc_column_text][vc_column_text]<\/p>\n<p style=\"text-align: center;\"><span class=\"\">Das WALDORADO FESTIVAL ist ein fantasiereiches, partizipatives und inklusives Kunst- und Kulturfestival in der Natur f\u00fcr Familien und ihre Freund*innen. Der Europ\u00e4ische Sozialfonds unterst\u00fctzt uns gemeinsam mit dem Land Brandenburg bei der Projektentwicklung und Umsetzung. Ziel ist die Begegnung von Familien aller Formen, Lebensweisen und Weltanschauungen in einem offenen, neugierigen und inspirierenden Zusammenhang, ein gemeinschaftliches Erleben von Kunst- und Kultur sowie die Achtsamkeit hinsichtlich Natur, Geschlechtergerechtigkeit und Diversit\u00e4t.\u00a0<\/span><\/p>\n<p>[\/vc_column_text][\/vc_column][vc_column width=&#8220;1\/6&#8243;][\/vc_column][\/vc_row][vc_row content_width=&#8220;full&#8220; equal_height=&#8220;&#8220; background_type=&#8220;image&#8220; background_color=&#8220;white&#8220; background_img_lazyload=&#8220;1&#8243; shift_y=&#8220;0&#8243; z_index=&#8220;0&#8243;][vc_column text_alignment=&#8220;center&#8220; background_type=&#8220;image&#8220; background_color=&#8220;white&#8220; background_img_lazyload=&#8220;1&#8243; shift_x=&#8220;0&#8243; shift_y=&#8220;0&#8243; z_index=&#8220;0&#8243;][vc_column_text]<\/p>\n<p style=\"text-align: center;\"><img loading=\"lazy\" decoding=\"async\" class=\"aligncenter wp-image-2383 size-full\" src=\"https:\/\/waldoradofestival.de\/2022\/wp-content\/uploads\/2022\/08\/logos-oben.png\" alt=\"\" width=\"2731\" height=\"453\" srcset=\"https:\/\/waldoradofestival.de\/2022\/wp-content\/uploads\/2022\/08\/logos-oben.png 2731w, https:\/\/waldoradofestival.de\/2022\/wp-content\/uploads\/2022\/08\/logos-oben-300x50.png 300w, https:\/\/waldoradofestival.de\/2022\/wp-content\/uploads\/2022\/08\/logos-oben-1024x170.png 1024w, https:\/\/waldoradofestival.de\/2022\/wp-content\/uploads\/2022\/08\/logos-oben-768x127.png 768w, https:\/\/waldoradofestival.de\/2022\/wp-content\/uploads\/2022\/08\/logos-oben-1536x255.png 1536w, https:\/\/waldoradofestival.de\/2022\/wp-content\/uploads\/2022\/08\/logos-oben-2048x340.png 2048w, https:\/\/waldoradofestival.de\/2022\/wp-content\/uploads\/2022\/08\/logos-oben-1140x189.png 1140w, https:\/\/waldoradofestival.de\/2022\/wp-content\/uploads\/2022\/08\/logos-oben-500x83.png 500w, https:\/\/waldoradofestival.de\/2022\/wp-content\/uploads\/2022\/08\/logos-oben-550x91.png 550w, https:\/\/waldoradofestival.de\/2022\/wp-content\/uploads\/2022\/08\/logos-oben-400x66.png 400w, https:\/\/waldoradofestival.de\/2022\/wp-content\/uploads\/2022\/08\/logos-oben-2000x332.png 2000w\" sizes=\"auto, (max-width: 2731px) 100vw, 2731px\" \/><\/p>\n<p>[\/vc_column_text][\/vc_column][\/vc_row][vc_row content_width=&#8220;full&#8220; equal_height=&#8220;&#8220; disable_element=&#8220;yes&#8220; background_type=&#8220;image&#8220; background_color=&#8220;white&#8220; background_img_lazyload=&#8220;1&#8243; shift_y=&#8220;0&#8243; z_index=&#8220;0&#8243; el_class=&#8220;logoleisteohnestrich&#8220;][vc_column text_alignment=&#8220;center&#8220; background_type=&#8220;image&#8220; background_color=&#8220;white&#8220; background_img_lazyload=&#8220;1&#8243; shift_x=&#8220;0&#8243; shift_y=&#8220;0&#8243; z_index=&#8220;0&#8243;][vc_column_text]<img loading=\"lazy\" decoding=\"async\" class=\"aligncenter wp-image-922\" src=\"https:\/\/waldoradofestival.de\/2022\/wp-content\/uploads\/2019\/07\/maerkisch-oberland.png\" alt=\"M\u00e4rkisch Oberland\" width=\"450\" height=\"133\" srcset=\"https:\/\/waldoradofestival.de\/2022\/wp-content\/uploads\/2019\/07\/maerkisch-oberland.png 1124w, https:\/\/waldoradofestival.de\/2022\/wp-content\/uploads\/2019\/07\/maerkisch-oberland-300x89.png 300w, https:\/\/waldoradofestival.de\/2022\/wp-content\/uploads\/2019\/07\/maerkisch-oberland-768x228.png 768w, https:\/\/waldoradofestival.de\/2022\/wp-content\/uploads\/2019\/07\/maerkisch-oberland-1024x303.png 1024w, https:\/\/waldoradofestival.de\/2022\/wp-content\/uploads\/2019\/07\/maerkisch-oberland-500x148.png 500w, https:\/\/waldoradofestival.de\/2022\/wp-content\/uploads\/2019\/07\/maerkisch-oberland-550x163.png 550w, https:\/\/waldoradofestival.de\/2022\/wp-content\/uploads\/2019\/07\/maerkisch-oberland-400x119.png 400w\" sizes=\"auto, (max-width: 450px) 100vw, 450px\" \/>[\/vc_column_text][\/vc_column][\/vc_row][vc_row content_width=&#8220;full&#8220; equal_height=&#8220;&#8220; disable_element=&#8220;yes&#8220; background_type=&#8220;image&#8220; background_color=&#8220;white&#8220; background_img_lazyload=&#8220;1&#8243; shift_y=&#8220;0&#8243; z_index=&#8220;0&#8243; el_class=&#8220;logoleisteohnestrich&#8220;][vc_column text_alignment=&#8220;center&#8220; width=&#8220;1\/4&#8243; background_type=&#8220;image&#8220; background_color=&#8220;white&#8220; background_img_lazyload=&#8220;1&#8243; shift_x=&#8220;0&#8243; shift_y=&#8220;0&#8243; z_index=&#8220;0&#8243;][vc_single_image image=&#8220;2048&#8243; img_size=&#8220;600&#215;600&#8243; full_width=&#8220;1&#8243; opacity=&#8220;100&#8243;][\/vc_column][vc_column width=&#8220;1\/4&#8243; background_type=&#8220;image&#8220; background_color=&#8220;white&#8220; background_img_lazyload=&#8220;1&#8243; shift_x=&#8220;0&#8243; shift_y=&#8220;0&#8243; z_index=&#8220;0&#8243;][vc_single_image image=&#8220;2047&#8243; img_size=&#8220;600&#215;600&#8243; full_width=&#8220;1&#8243; opacity=&#8220;100&#8243;][\/vc_column][vc_column width=&#8220;1\/4&#8243;][vc_single_image image=&#8220;2054&#8243; img_size=&#8220;600&#215;600&#8243; full_width=&#8220;1&#8243; opacity=&#8220;100&#8243;][\/vc_column][vc_column width=&#8220;1\/4&#8243;][vc_single_image image=&#8220;2050&#8243; img_size=&#8220;600&#215;600&#8243; full_width=&#8220;1&#8243; opacity=&#8220;100&#8243;][\/vc_column][\/vc_row][vc_row content_width=&#8220;full&#8220; equal_height=&#8220;&#8220; background_type=&#8220;image&#8220; background_color=&#8220;white&#8220; background_img_lazyload=&#8220;1&#8243; shift_y=&#8220;0&#8243; z_index=&#8220;0&#8243; el_class=&#8220;logoleisteohnestrich&#8220;][vc_column text_alignment=&#8220;center&#8220; background_type=&#8220;image&#8220; background_color=&#8220;white&#8220; background_img_lazyload=&#8220;1&#8243; shift_x=&#8220;0&#8243; shift_y=&#8220;0&#8243; z_index=&#8220;0&#8243;][vc_column_text]<\/p>\n<h2 style=\"text-align: center;\">MEDIENPARTNER<\/h2>\n<div class=\"\"><\/div>\n<p>[\/vc_column_text][\/vc_column][\/vc_row][vc_row content_width=&#8220;full&#8220; columns_placement=&#8220;middle&#8220; equal_height=&#8220;yes&#8220; background_type=&#8220;image&#8220; background_color=&#8220;white&#8220; background_img_lazyload=&#8220;1&#8243; shift_y=&#8220;0&#8243; z_index=&#8220;0&#8243; el_class=&#8220;logoleisteohnestrich&#8220;][vc_column text_alignment=&#8220;center&#8220; width=&#8220;1\/5&#8243; background_type=&#8220;image&#8220; background_color=&#8220;white&#8220; background_img_lazyload=&#8220;1&#8243; shift_x=&#8220;0&#8243; shift_y=&#8220;0&#8243; z_index=&#8220;0&#8243;][vc_column_text]<img loading=\"lazy\" decoding=\"async\" class=\"aligncenter wp-image-937\" src=\"https:\/\/waldoradofestival.de\/2022\/wp-content\/uploads\/2019\/07\/Zwerkstadt-02.png\" alt=\"Zwerkstadt\" width=\"300\" height=\"138\" srcset=\"https:\/\/waldoradofestival.de\/2022\/wp-content\/uploads\/2019\/07\/Zwerkstadt-02.png 726w, https:\/\/waldoradofestival.de\/2022\/wp-content\/uploads\/2019\/07\/Zwerkstadt-02-300x138.png 300w, https:\/\/waldoradofestival.de\/2022\/wp-content\/uploads\/2019\/07\/Zwerkstadt-02-500x229.png 500w, https:\/\/waldoradofestival.de\/2022\/wp-content\/uploads\/2019\/07\/Zwerkstadt-02-550x252.png 550w, https:\/\/waldoradofestival.de\/2022\/wp-content\/uploads\/2019\/07\/Zwerkstadt-02-400x183.png 400w\" sizes=\"auto, (max-width: 300px) 100vw, 300px\" \/>[\/vc_column_text][\/vc_column][vc_column width=&#8220;1\/5&#8243;][vc_column_text]<img loading=\"lazy\" decoding=\"async\" class=\"aligncenter wp-image-2167\" src=\"https:\/\/waldoradofestival.de\/2022\/wp-content\/uploads\/2022\/07\/kultus.jpg\" alt=\"Logo\" width=\"300\" height=\"138\" srcset=\"https:\/\/waldoradofestival.de\/2022\/wp-content\/uploads\/2022\/07\/kultus.jpg 726w, https:\/\/waldoradofestival.de\/2022\/wp-content\/uploads\/2022\/07\/kultus-300x138.jpg 300w, https:\/\/waldoradofestival.de\/2022\/wp-content\/uploads\/2022\/07\/kultus-500x229.jpg 500w, https:\/\/waldoradofestival.de\/2022\/wp-content\/uploads\/2022\/07\/kultus-550x252.jpg 550w, https:\/\/waldoradofestival.de\/2022\/wp-content\/uploads\/2022\/07\/kultus-400x183.jpg 400w\" sizes=\"auto, (max-width: 300px) 100vw, 300px\" \/>[\/vc_column_text][\/vc_column][vc_column width=&#8220;1\/5&#8243;][vc_column_text css=&#8220;.vc_custom_1661075074383{padding-top: 20px !important;}&#8220;]<img loading=\"lazy\" decoding=\"async\" class=\"aligncenter wp-image-637\" src=\"https:\/\/waldoradofestival.de\/2022\/wp-content\/uploads\/2019\/06\/logo-flux.png\" alt=\"Flux\" width=\"210\" height=\"62\" srcset=\"https:\/\/waldoradofestival.de\/2022\/wp-content\/uploads\/2019\/06\/logo-flux.png 1124w, https:\/\/waldoradofestival.de\/2022\/wp-content\/uploads\/2019\/06\/logo-flux-300x89.png 300w, https:\/\/waldoradofestival.de\/2022\/wp-content\/uploads\/2019\/06\/logo-flux-768x228.png 768w, https:\/\/waldoradofestival.de\/2022\/wp-content\/uploads\/2019\/06\/logo-flux-1024x303.png 1024w, https:\/\/waldoradofestival.de\/2022\/wp-content\/uploads\/2019\/06\/logo-flux-500x148.png 500w, https:\/\/waldoradofestival.de\/2022\/wp-content\/uploads\/2019\/06\/logo-flux-550x163.png 550w, https:\/\/waldoradofestival.de\/2022\/wp-content\/uploads\/2019\/06\/logo-flux-400x119.png 400w\" sizes=\"auto, (max-width: 210px) 100vw, 210px\" \/>[\/vc_column_text][\/vc_column][vc_column width=&#8220;1\/5&#8243;][vc_column_text]<img loading=\"lazy\" decoding=\"async\" class=\"aligncenter wp-image-2385\" src=\"https:\/\/waldoradofestival.de\/2022\/wp-content\/uploads\/2022\/08\/Bilderbuchfestival.png\" alt=\"\" width=\"120\" height=\"120\" srcset=\"https:\/\/waldoradofestival.de\/2022\/wp-content\/uploads\/2022\/08\/Bilderbuchfestival.png 500w, https:\/\/waldoradofestival.de\/2022\/wp-content\/uploads\/2022\/08\/Bilderbuchfestival-300x300.png 300w, https:\/\/waldoradofestival.de\/2022\/wp-content\/uploads\/2022\/08\/Bilderbuchfestival-150x150.png 150w, https:\/\/waldoradofestival.de\/2022\/wp-content\/uploads\/2022\/08\/Bilderbuchfestival-400x400.png 400w\" sizes=\"auto, (max-width: 120px) 100vw, 120px\" \/>[\/vc_column_text][\/vc_column][vc_column width=&#8220;1\/5&#8243;][vc_column_text]<img loading=\"lazy\" decoding=\"async\" class=\"aligncenter wp-image-1953\" src=\"https:\/\/waldoradofestival.de\/2022\/wp-content\/uploads\/2021\/08\/miniflux_sticker_1205mm.jpg\" alt=\"\" width=\"120\" height=\"120\" srcset=\"https:\/\/waldoradofestival.de\/2022\/wp-content\/uploads\/2021\/08\/miniflux_sticker_1205mm.jpg 1476w, https:\/\/waldoradofestival.de\/2022\/wp-content\/uploads\/2021\/08\/miniflux_sticker_1205mm-300x300.jpg 300w, https:\/\/waldoradofestival.de\/2022\/wp-content\/uploads\/2021\/08\/miniflux_sticker_1205mm-1024x1024.jpg 1024w, https:\/\/waldoradofestival.de\/2022\/wp-content\/uploads\/2021\/08\/miniflux_sticker_1205mm-150x150.jpg 150w, https:\/\/waldoradofestival.de\/2022\/wp-content\/uploads\/2021\/08\/miniflux_sticker_1205mm-768x768.jpg 768w, https:\/\/waldoradofestival.de\/2022\/wp-content\/uploads\/2021\/08\/miniflux_sticker_1205mm-570x570.jpg 570w, https:\/\/waldoradofestival.de\/2022\/wp-content\/uploads\/2021\/08\/miniflux_sticker_1205mm-500x500.jpg 500w, https:\/\/waldoradofestival.de\/2022\/wp-content\/uploads\/2021\/08\/miniflux_sticker_1205mm-550x550.jpg 550w, https:\/\/waldoradofestival.de\/2022\/wp-content\/uploads\/2021\/08\/miniflux_sticker_1205mm-400x400.jpg 400w\" sizes=\"auto, (max-width: 120px) 100vw, 120px\" \/>[\/vc_column_text][\/vc_column][\/vc_row][vc_row content_width=&#8220;full&#8220; equal_height=&#8220;&#8220; background_type=&#8220;image&#8220; background_color=&#8220;white&#8220; background_img_lazyload=&#8220;1&#8243; shift_y=&#8220;0&#8243; z_index=&#8220;0&#8243; el_class=&#8220;logoleisteohnestrich&#8220;][vc_column text_alignment=&#8220;center&#8220; background_type=&#8220;image&#8220; background_color=&#8220;white&#8220; background_img_lazyload=&#8220;1&#8243; shift_x=&#8220;0&#8243; shift_y=&#8220;0&#8243; z_index=&#8220;0&#8243; css=&#8220;.vc_custom_1628760055802{padding-top: 40px !important;padding-bottom: 40px !important;}&#8220;][vc_column_text]<\/p>\n<h2 style=\"text-align: center;\">UNSER GANZ BESONDERER DANK GILT<\/h2>\n<div class=\"\"><\/div>\n<p>[\/vc_column_text][vc_column_text]<\/p>\n<p style=\"text-align: center;\">der Gemeinde Buckow und ihren Bewohnern<\/p>\n<p>[\/vc_column_text][\/vc_column][\/vc_row]<\/p>\n","protected":false},"excerpt":{"rendered":"<p>[vc_row content_width=&#8220;full&#8220; equal_height=&#8220;&#8220; background_type=&#8220;image&#8220; background_color=&#8220;white&#8220; background_img_lazyload=&#8220;1&#8243; shift_y=&#8220;0&#8243; z_index=&#8220;0&#8243; css=&#8220;.vc_custom_1571401856000{padding-top: 50px !important;}&#8220;][vc_column text_alignment=&#8220;center&#8220; width=&#8220;1\/6&#8243; background_type=&#8220;image&#8220; background_color=&#8220;white&#8220; background_img_lazyload=&#8220;1&#8243; shift_x=&#8220;0&#8243; shift_y=&#8220;0&#8243; z_index=&#8220;0&#8243;][\/vc_column][vc_column width=&#8220;2\/3&#8243;][vc_column_text] Wir bedanken uns bei unseren F\u00f6rderern und Unterst\u00fctzern [\/vc_column_text][vc_column_text] Das WALDORADO FESTIVAL ist ein fantasiereiches, partizipatives und inklusives Kunst- und Kulturfestival in der Natur f\u00fcr Familien und ihre Freund*innen. Der Europ\u00e4ische Sozialfonds unterst\u00fctzt uns gemeinsam&#8230;<\/p>\n<p><a rel=\"bookmark\" class=\"loud_button_alt wvc-button wvc-button-size-xs\" href=\"https:\/\/waldoradofestival.de\/2022\/danke\/\"><span>Continue reading<\/span><\/a><\/p>\n","protected":false},"author":1,"featured_media":0,"parent":0,"menu_order":0,"comment_status":"closed","ping_status":"closed","template":"","meta":{"footnotes":""},"class_list":{"0":"post-912","1":"page","2":"type-page","3":"status-publish","4":"hentry","5":"entry","6":"clearfix","7":"entry-grid","8":"entry-columns-default","9":"no-post-thumbnail","10":"entry-page","12":"entry-page-grid"},"yoast_head":"<!-- This site is optimized with the Yoast SEO plugin v24.9 - https:\/\/yoast.com\/wordpress\/plugins\/seo\/ -->\n<title>Danke - Waldorado Festival<\/title>\n<meta name=\"robots\" content=\"index, follow, max-snippet:-1, max-image-preview:large, max-video-preview:-1\" \/>\n<link rel=\"canonical\" href=\"https:\/\/waldoradofestival.de\/2022\/danke\/\" \/>\n<meta property=\"og:locale\" content=\"de_DE\" \/>\n<meta property=\"og:type\" content=\"article\" \/>\n<meta property=\"og:title\" content=\"Danke - Waldorado Festival\" \/>\n<meta property=\"og:description\" content=\"[vc_row content_width=&#8220;full&#8220; equal_height=&#8220;&#8220; background_type=&#8220;image&#8220; background_color=&#8220;white&#8220; background_img_lazyload=&#8220;1&#8243; shift_y=&#8220;0&#8243; z_index=&#8220;0&#8243; css=&#8220;.vc_custom_1571401856000{padding-top: 50px !important;}&#8220;][vc_column text_alignment=&#8220;center&#8220; width=&#8220;1\/6&#8243; background_type=&#8220;image&#8220; background_color=&#8220;white&#8220; background_img_lazyload=&#8220;1&#8243; shift_x=&#8220;0&#8243; shift_y=&#8220;0&#8243; z_index=&#8220;0&#8243;][\/vc_column][vc_column width=&#8220;2\/3&#8243;][vc_column_text] Wir bedanken uns bei unseren F\u00f6rderern und Unterst\u00fctzern [\/vc_column_text][vc_column_text] Das WALDORADO FESTIVAL ist ein fantasiereiches, partizipatives und inklusives Kunst- und Kulturfestival in der Natur f\u00fcr Familien und ihre Freund*innen. Der Europ\u00e4ische Sozialfonds unterst\u00fctzt uns gemeinsam...Continue reading\" \/>\n<meta property=\"og:url\" content=\"https:\/\/waldoradofestival.de\/2022\/danke\/\" \/>\n<meta property=\"og:site_name\" content=\"Waldorado Festival\" \/>\n<meta property=\"article:modified_time\" content=\"2022-08-21T09:44:36+00:00\" \/>\n<meta property=\"og:image\" content=\"https:\/\/waldoradofestival.de\/2022\/wp-content\/uploads\/2022\/08\/logos-oben.png\" \/>\n<meta name=\"twitter:card\" content=\"summary_large_image\" \/>\n<meta name=\"twitter:label1\" content=\"Gesch\u00e4tzte Lesezeit\" \/>\n\t<meta name=\"twitter:data1\" content=\"3\u00a0Minuten\" \/>\n<script type=\"application\/ld+json\" class=\"yoast-schema-graph\">{\"@context\":\"https:\/\/schema.org\",\"@graph\":[{\"@type\":\"WebPage\",\"@id\":\"https:\/\/waldoradofestival.de\/2022\/danke\/\",\"url\":\"https:\/\/waldoradofestival.de\/2022\/danke\/\",\"name\":\"Danke - Waldorado Festival\",\"isPartOf\":{\"@id\":\"https:\/\/waldoradofestival.de\/2022\/#website\"},\"primaryImageOfPage\":{\"@id\":\"https:\/\/waldoradofestival.de\/2022\/danke\/#primaryimage\"},\"image\":{\"@id\":\"https:\/\/waldoradofestival.de\/2022\/danke\/#primaryimage\"},\"thumbnailUrl\":\"https:\/\/waldoradofestival.de\/2022\/wp-content\/uploads\/2022\/08\/logos-oben.png\",\"datePublished\":\"2019-07-17T03:58:49+00:00\",\"dateModified\":\"2022-08-21T09:44:36+00:00\",\"breadcrumb\":{\"@id\":\"https:\/\/waldoradofestival.de\/2022\/danke\/#breadcrumb\"},\"inLanguage\":\"de\",\"potentialAction\":[{\"@type\":\"ReadAction\",\"target\":[\"https:\/\/waldoradofestival.de\/2022\/danke\/\"]}]},{\"@type\":\"ImageObject\",\"inLanguage\":\"de\",\"@id\":\"https:\/\/waldoradofestival.de\/2022\/danke\/#primaryimage\",\"url\":\"https:\/\/waldoradofestival.de\/2022\/wp-content\/uploads\/2022\/08\/logos-oben.png\",\"contentUrl\":\"https:\/\/waldoradofestival.de\/2022\/wp-content\/uploads\/2022\/08\/logos-oben.png\",\"width\":2731,\"height\":453},{\"@type\":\"BreadcrumbList\",\"@id\":\"https:\/\/waldoradofestival.de\/2022\/danke\/#breadcrumb\",\"itemListElement\":[{\"@type\":\"ListItem\",\"position\":1,\"name\":\"Startseite\",\"item\":\"https:\/\/waldoradofestival.de\/2022\/\"},{\"@type\":\"ListItem\",\"position\":2,\"name\":\"Danke\"}]},{\"@type\":\"WebSite\",\"@id\":\"https:\/\/waldoradofestival.de\/2022\/#website\",\"url\":\"https:\/\/waldoradofestival.de\/2022\/\",\"name\":\"Waldorado Festival\",\"description\":\"Familienkultur in der Natur \u2013 16.-18.08. in Waldsieversdorf\",\"potentialAction\":[{\"@type\":\"SearchAction\",\"target\":{\"@type\":\"EntryPoint\",\"urlTemplate\":\"https:\/\/waldoradofestival.de\/2022\/?s={search_term_string}\"},\"query-input\":{\"@type\":\"PropertyValueSpecification\",\"valueRequired\":true,\"valueName\":\"search_term_string\"}}],\"inLanguage\":\"de\"}]}<\/script>\n<!-- \/ Yoast SEO plugin. -->","yoast_head_json":{"title":"Danke - Waldorado Festival","robots":{"index":"index","follow":"follow","max-snippet":"max-snippet:-1","max-image-preview":"max-image-preview:large","max-video-preview":"max-video-preview:-1"},"canonical":"https:\/\/waldoradofestival.de\/2022\/danke\/","og_locale":"de_DE","og_type":"article","og_title":"Danke - Waldorado Festival","og_description":"[vc_row content_width=&#8220;full&#8220; equal_height=&#8220;&#8220; background_type=&#8220;image&#8220; background_color=&#8220;white&#8220; background_img_lazyload=&#8220;1&#8243; shift_y=&#8220;0&#8243; z_index=&#8220;0&#8243; css=&#8220;.vc_custom_1571401856000{padding-top: 50px !important;}&#8220;][vc_column text_alignment=&#8220;center&#8220; width=&#8220;1\/6&#8243; background_type=&#8220;image&#8220; background_color=&#8220;white&#8220; background_img_lazyload=&#8220;1&#8243; shift_x=&#8220;0&#8243; shift_y=&#8220;0&#8243; z_index=&#8220;0&#8243;][\/vc_column][vc_column width=&#8220;2\/3&#8243;][vc_column_text] Wir bedanken uns bei unseren F\u00f6rderern und Unterst\u00fctzern [\/vc_column_text][vc_column_text] Das WALDORADO FESTIVAL ist ein fantasiereiches, partizipatives und inklusives Kunst- und Kulturfestival in der Natur f\u00fcr Familien und ihre Freund*innen. Der Europ\u00e4ische Sozialfonds unterst\u00fctzt uns gemeinsam...Continue reading","og_url":"https:\/\/waldoradofestival.de\/2022\/danke\/","og_site_name":"Waldorado Festival","article_modified_time":"2022-08-21T09:44:36+00:00","og_image":[{"url":"https:\/\/waldoradofestival.de\/2022\/wp-content\/uploads\/2022\/08\/logos-oben.png","type":"","width":"","height":""}],"twitter_card":"summary_large_image","twitter_misc":{"Gesch\u00e4tzte Lesezeit":"3\u00a0Minuten"},"schema":{"@context":"https:\/\/schema.org","@graph":[{"@type":"WebPage","@id":"https:\/\/waldoradofestival.de\/2022\/danke\/","url":"https:\/\/waldoradofestival.de\/2022\/danke\/","name":"Danke - Waldorado Festival","isPartOf":{"@id":"https:\/\/waldoradofestival.de\/2022\/#website"},"primaryImageOfPage":{"@id":"https:\/\/waldoradofestival.de\/2022\/danke\/#primaryimage"},"image":{"@id":"https:\/\/waldoradofestival.de\/2022\/danke\/#primaryimage"},"thumbnailUrl":"https:\/\/waldoradofestival.de\/2022\/wp-content\/uploads\/2022\/08\/logos-oben.png","datePublished":"2019-07-17T03:58:49+00:00","dateModified":"2022-08-21T09:44:36+00:00","breadcrumb":{"@id":"https:\/\/waldoradofestival.de\/2022\/danke\/#breadcrumb"},"inLanguage":"de","potentialAction":[{"@type":"ReadAction","target":["https:\/\/waldoradofestival.de\/2022\/danke\/"]}]},{"@type":"ImageObject","inLanguage":"de","@id":"https:\/\/waldoradofestival.de\/2022\/danke\/#primaryimage","url":"https:\/\/waldoradofestival.de\/2022\/wp-content\/uploads\/2022\/08\/logos-oben.png","contentUrl":"https:\/\/waldoradofestival.de\/2022\/wp-content\/uploads\/2022\/08\/logos-oben.png","width":2731,"height":453},{"@type":"BreadcrumbList","@id":"https:\/\/waldoradofestival.de\/2022\/danke\/#breadcrumb","itemListElement":[{"@type":"ListItem","position":1,"name":"Startseite","item":"https:\/\/waldoradofestival.de\/2022\/"},{"@type":"ListItem","position":2,"name":"Danke"}]},{"@type":"WebSite","@id":"https:\/\/waldoradofestival.de\/2022\/#website","url":"https:\/\/waldoradofestival.de\/2022\/","name":"Waldorado Festival","description":"Familienkultur in der Natur \u2013 16.-18.08. in Waldsieversdorf","potentialAction":[{"@type":"SearchAction","target":{"@type":"EntryPoint","urlTemplate":"https:\/\/waldoradofestival.de\/2022\/?s={search_term_string}"},"query-input":{"@type":"PropertyValueSpecification","valueRequired":true,"valueName":"search_term_string"}}],"inLanguage":"de"}]}},"_links":{"self":[{"href":"https:\/\/waldoradofestival.de\/2022\/wp-json\/wp\/v2\/pages\/912","targetHints":{"allow":["GET"]}}],"collection":[{"href":"https:\/\/waldoradofestival.de\/2022\/wp-json\/wp\/v2\/pages"}],"about":[{"href":"https:\/\/waldoradofestival.de\/2022\/wp-json\/wp\/v2\/types\/page"}],"author":[{"embeddable":true,"href":"https:\/\/waldoradofestival.de\/2022\/wp-json\/wp\/v2\/users\/1"}],"replies":[{"embeddable":true,"href":"https:\/\/waldoradofestival.de\/2022\/wp-json\/wp\/v2\/comments?post=912"}],"version-history":[{"count":67,"href":"https:\/\/waldoradofestival.de\/2022\/wp-json\/wp\/v2\/pages\/912\/revisions"}],"predecessor-version":[{"id":2391,"href":"https:\/\/waldoradofestival.de\/2022\/wp-json\/wp\/v2\/pages\/912\/revisions\/2391"}],"wp:attachment":[{"href":"https:\/\/waldoradofestival.de\/2022\/wp-json\/wp\/v2\/media?parent=912"}],"curies":[{"name":"wp","href":"https:\/\/api.w.org\/{rel}","templated":true}]}}