{"id":959,"date":"2019-07-18T10:05:44","date_gmt":"2019-07-18T08:05:44","guid":{"rendered":"http:\/\/waldoradofestival.de\/?page_id=959"},"modified":"2023-08-21T19:03:09","modified_gmt":"2023-08-21T17:03:09","slug":"anreise","status":"publish","type":"page","link":"https:\/\/waldoradofestival.de\/2023\/anreise\/","title":{"rendered":"Anreise"},"content":{"rendered":"<p>[vc_row][vc_column width=&#8220;1\/6&#8243;][\/vc_column][vc_column text_alignment=&#8220;center&#8220; width=&#8220;2\/3&#8243; shift_x=&#8220;0&#8243; shift_y=&#8220;0&#8243; z_index=&#8220;0&#8243;][vc_column_text]<\/p>\n<h1 style=\"text-align: center;\">Anreise<\/h1>\n<p>[\/vc_column_text][vc_single_image image=&#8220;2787&#8243; img_size=&#8220;medium&#8220; full_width=&#8220;1&#8243; text_align_mobile=&#8220;center&#8220; opacity=&#8220;100&#8243;][vc_column_text]<\/p>\n<h2>Am besten mit der Bahn &#8230;<\/h2>\n<p><strong>Von Berlin mit der RB 26 nach M\u00fcncheberg.<\/strong><br \/>\nSamstag und Sonntag kommt ihr ganz bequem vom Ostkreuz oder Lichtenberg mit der RB26 direkt in 45 Minuten nach M\u00fcncheberg und wieder zur\u00fcck.<\/p>\n<p>Ab M\u00fcncheberg Bahnhof bringt euch der Bus 928 in 12 Minuten direkt vor das Festivalgel\u00e4nde &#8211; und zwar zu folgenden Zeiten:<\/p>\n<p><strong>SAMSTAG, 26.08.2023<\/strong><br \/>\nAnschluss an den RB26 <strong>aus<\/strong> Berlin (Umsteigezeit 11 Minuten):<br \/>\nf\u00fcr die um 10:13 Uhr, 11:13 Uhr, 14:13 Uhr und 15:13 Uhr\u00a0aus Richtung Berlin ankommenden Z\u00fcge ab Bhf. M\u00fcncheberg nach Buckow, Jugendherberge.<\/p>\n<p>Achtung: Der um 12:13 Uhr ankommende Zug aus Berlin hat keinen Bus-Anschluss, daf\u00fcr aber Verbindung an die schnuckelige Buckower Kleinbahn, die euch in wenigen Minuten zum Bahnhof Buckow schuckelt. Zu Fu\u00df sind es dann noch 12 Minuten bis zum Waldorado.<\/p>\n<p>Anschluss an den RB26 <strong>nach<\/strong> Berlin (Umsteigezeit 11 Minuten):<br \/>\n<strong>Die Buckower Kleinbahn f\u00e4hrt am Samstag Abend Sonderfahrten f\u00fcrs Waldorado vom Bahnhof Buckow um 20:25 Uhr, 21: 25 Uhr und 22:25 Uhr mit direktem Anschluss an den RB26 nach Berlin.<\/strong><\/p>\n<p>Ihr k\u00f6nnt also ganz gem\u00fctlich noch bis zum Schluss auf dem Waldorado bleiben und kommt danach noch super nach Hause!<\/p>\n<p><strong>SONNTAG, 27.08.2023<\/strong><br \/>\nAnschluss an den RB26 <strong>aus<\/strong> Berlin (Umsteigezeit 11 Minuten):<br \/>\nf\u00fcr die um 10:13 Uhr, 11:13 Uhr, 14:13 Uhr und 15:13 Uhr\u00a0aus Richtung Berlin ankommenden Z\u00fcge ab Bhf. M\u00fcncheberg nach Buckow, Jugendherberge..<\/p>\n<p>Achtung: Der um 12:13 Uhr ankommende Zug aus Berlin hat keinen Bus-Anschluss, daf\u00fcr aber Verbindung an die schnuckelige Buckower Kleinbahn, die euch in wenigen Minuten zum Bahnhof Buckow schuckelt. Zu Fu\u00df sind es dann noch 12 Minuten bis zum Waldorado.<\/p>\n<p>Anschluss an den RB26 <strong>nach<\/strong> Berlin (Umsteigezeit 13 Minuten):<br \/>\nf\u00fcr alle von 17:49 bis 19:49 in Richtung Berlin abfahrenden Z\u00fcge st\u00fcndlich ab Buckow, Jugendherberge um 17:25 Uhr bis 19:25 Uhr.<\/p>\n<h2>\u2026 oder mit dem Fahrrad:<\/h2>\n<p>Eine Fahrradtour durch M\u00e4rkisch Oderland ist sehr sch\u00f6n und bringt Credits beim CO2-Fu\u00dfabdruck.<\/p>\n<h2>\u2026 oder mit der Pampa Mitfahr-App:<\/h2>\n<p>Ein Tipp f\u00fcr alle M\u00e4rkisch-Oderl\u00e4nder, mehr Infos dazu gibt es hier: <a href=\"https:\/\/www.pampa-mitfahren.de\">Pampa<\/a><\/p>\n<h2>Anreise mit dem Auto:<\/h2>\n<p>Von Berlin ca. eine Stunde \/ von Frankfurt (Oder) ca. 45 Minuten.\u00a0Bildet Fahrgemeinschaften, wenn es geht.<\/p>\n<h2>Anreise mit dem Bulli \/ Wohnmobil:<\/h2>\n<p><strong><span style=\"color: #993300;\">UPDATE! Die Stellpl\u00e4tze sind alle vergeben. Zeltpl\u00e4tze sind noch vorhanden!<br \/>\n<\/span><\/strong>Stellpl\u00e4tze sind limitiert vorhanden! Wenn ihr campen m\u00f6chtet, meldet euch bitte bei <a href=\"mailto:camping@waldoradofestival.de\">camping@waldoradofestival.de<\/a><\/p>\n<h2>Adresse<\/h2>\n<p><b>Berliner Stra\u00dfe 36, 15377 Buckow.<\/b>[\/vc_column_text][\/vc_column][vc_column width=&#8220;1\/6&#8243;][\/vc_column][\/vc_row]<\/p>\n","protected":false},"excerpt":{"rendered":"<p>[vc_row][vc_column width=&#8220;1\/6&#8243;][\/vc_column][vc_column text_alignment=&#8220;center&#8220; width=&#8220;2\/3&#8243; shift_x=&#8220;0&#8243; shift_y=&#8220;0&#8243; z_index=&#8220;0&#8243;][vc_column_text] Anreise [\/vc_column_text][vc_single_image image=&#8220;2787&#8243; img_size=&#8220;medium&#8220; full_width=&#8220;1&#8243; text_align_mobile=&#8220;center&#8220; opacity=&#8220;100&#8243;][vc_column_text] Am besten mit der Bahn &#8230; Von Berlin mit der RB 26 nach M\u00fcncheberg. Samstag und Sonntag kommt ihr ganz bequem vom Ostkreuz oder Lichtenberg mit der RB26 direkt in 45 Minuten nach M\u00fcncheberg und wieder zur\u00fcck. Ab M\u00fcncheberg Bahnhof bringt&#8230;<\/p>\n<p><a rel=\"bookmark\" class=\"loud_button_alt wvc-button wvc-button-size-xs\" href=\"https:\/\/waldoradofestival.de\/2023\/anreise\/\"><span>Continue reading<\/span><\/a><\/p>\n","protected":false},"author":1,"featured_media":0,"parent":0,"menu_order":0,"comment_status":"closed","ping_status":"closed","template":"","meta":{"footnotes":""},"class_list":{"0":"post-959","1":"page","2":"type-page","3":"status-publish","4":"hentry","5":"entry","6":"clearfix","7":"entry-grid","8":"entry-columns-default","9":"no-post-thumbnail","10":"entry-page","12":"entry-page-grid"},"yoast_head":"<!-- This site is optimized with the Yoast SEO plugin v24.9 - https:\/\/yoast.com\/wordpress\/plugins\/seo\/ -->\n<title>Anreise - Waldorado Festival am besten mit der Bahn<\/title>\n<meta name=\"description\" content=\"Anreise am besten mit der Bahn ...Von Berlin \u00fcber Strausberg mit der RB 26 nach M\u00fcncheberg.Achtung Berliner! Der Zug f\u00e4hrt Samstag &amp; Sonntag aufgrund von Bauarbeiten\" \/>\n<meta name=\"robots\" content=\"index, follow, max-snippet:-1, max-image-preview:large, max-video-preview:-1\" \/>\n<link rel=\"canonical\" href=\"https:\/\/waldoradofestival.de\/2023\/anreise\/\" \/>\n<meta property=\"og:locale\" content=\"de_DE\" \/>\n<meta property=\"og:type\" content=\"article\" \/>\n<meta property=\"og:title\" content=\"Anreise - Waldorado Festival am besten mit der Bahn\" \/>\n<meta property=\"og:description\" content=\"Anreise am besten mit der Bahn ...Von Berlin \u00fcber Strausberg mit der RB 26 nach M\u00fcncheberg.Achtung Berliner! Der Zug f\u00e4hrt Samstag &amp; Sonntag aufgrund von Bauarbeiten\" \/>\n<meta property=\"og:url\" content=\"https:\/\/waldoradofestival.de\/2023\/anreise\/\" \/>\n<meta property=\"og:site_name\" content=\"Waldorado Festival\" \/>\n<meta property=\"article:modified_time\" content=\"2023-08-21T17:03:09+00:00\" \/>\n<meta name=\"twitter:card\" content=\"summary_large_image\" \/>\n<meta name=\"twitter:label1\" content=\"Gesch\u00e4tzte Lesezeit\" \/>\n\t<meta name=\"twitter:data1\" content=\"3\u00a0Minuten\" \/>\n<script type=\"application\/ld+json\" class=\"yoast-schema-graph\">{\"@context\":\"https:\/\/schema.org\",\"@graph\":[{\"@type\":\"WebPage\",\"@id\":\"https:\/\/waldoradofestival.de\/2023\/anreise\/\",\"url\":\"https:\/\/waldoradofestival.de\/2023\/anreise\/\",\"name\":\"Anreise - Waldorado Festival am besten mit der Bahn\",\"isPartOf\":{\"@id\":\"https:\/\/waldoradofestival.de\/2023\/#website\"},\"datePublished\":\"2019-07-18T08:05:44+00:00\",\"dateModified\":\"2023-08-21T17:03:09+00:00\",\"description\":\"Anreise am besten mit der Bahn ...Von Berlin \u00fcber Strausberg mit der RB 26 nach M\u00fcncheberg.Achtung Berliner! Der Zug f\u00e4hrt Samstag & Sonntag aufgrund von Bauarbeiten\",\"breadcrumb\":{\"@id\":\"https:\/\/waldoradofestival.de\/2023\/anreise\/#breadcrumb\"},\"inLanguage\":\"de\",\"potentialAction\":[{\"@type\":\"ReadAction\",\"target\":[\"https:\/\/waldoradofestival.de\/2023\/anreise\/\"]}]},{\"@type\":\"BreadcrumbList\",\"@id\":\"https:\/\/waldoradofestival.de\/2023\/anreise\/#breadcrumb\",\"itemListElement\":[{\"@type\":\"ListItem\",\"position\":1,\"name\":\"Startseite\",\"item\":\"https:\/\/waldoradofestival.de\/2023\/\"},{\"@type\":\"ListItem\",\"position\":2,\"name\":\"Anreise\"}]},{\"@type\":\"WebSite\",\"@id\":\"https:\/\/waldoradofestival.de\/2023\/#website\",\"url\":\"https:\/\/waldoradofestival.de\/2023\/\",\"name\":\"Waldorado Festival\",\"description\":\"Familienkultur in der Natur \u2013 26.-27.08.2023 in Buckow\",\"potentialAction\":[{\"@type\":\"SearchAction\",\"target\":{\"@type\":\"EntryPoint\",\"urlTemplate\":\"https:\/\/waldoradofestival.de\/2023\/?s={search_term_string}\"},\"query-input\":{\"@type\":\"PropertyValueSpecification\",\"valueRequired\":true,\"valueName\":\"search_term_string\"}}],\"inLanguage\":\"de\"}]}<\/script>\n<!-- \/ Yoast SEO plugin. -->","yoast_head_json":{"title":"Anreise - Waldorado Festival am besten mit der Bahn","description":"Anreise am besten mit der Bahn ...Von Berlin \u00fcber Strausberg mit der RB 26 nach M\u00fcncheberg.Achtung Berliner! Der Zug f\u00e4hrt Samstag & Sonntag aufgrund von Bauarbeiten","robots":{"index":"index","follow":"follow","max-snippet":"max-snippet:-1","max-image-preview":"max-image-preview:large","max-video-preview":"max-video-preview:-1"},"canonical":"https:\/\/waldoradofestival.de\/2023\/anreise\/","og_locale":"de_DE","og_type":"article","og_title":"Anreise - Waldorado Festival am besten mit der Bahn","og_description":"Anreise am besten mit der Bahn ...Von Berlin \u00fcber Strausberg mit der RB 26 nach M\u00fcncheberg.Achtung Berliner! Der Zug f\u00e4hrt Samstag & Sonntag aufgrund von Bauarbeiten","og_url":"https:\/\/waldoradofestival.de\/2023\/anreise\/","og_site_name":"Waldorado Festival","article_modified_time":"2023-08-21T17:03:09+00:00","twitter_card":"summary_large_image","twitter_misc":{"Gesch\u00e4tzte Lesezeit":"3\u00a0Minuten"},"schema":{"@context":"https:\/\/schema.org","@graph":[{"@type":"WebPage","@id":"https:\/\/waldoradofestival.de\/2023\/anreise\/","url":"https:\/\/waldoradofestival.de\/2023\/anreise\/","name":"Anreise - Waldorado Festival am besten mit der Bahn","isPartOf":{"@id":"https:\/\/waldoradofestival.de\/2023\/#website"},"datePublished":"2019-07-18T08:05:44+00:00","dateModified":"2023-08-21T17:03:09+00:00","description":"Anreise am besten mit der Bahn ...Von Berlin \u00fcber Strausberg mit der RB 26 nach M\u00fcncheberg.Achtung Berliner! Der Zug f\u00e4hrt Samstag & Sonntag aufgrund von Bauarbeiten","breadcrumb":{"@id":"https:\/\/waldoradofestival.de\/2023\/anreise\/#breadcrumb"},"inLanguage":"de","potentialAction":[{"@type":"ReadAction","target":["https:\/\/waldoradofestival.de\/2023\/anreise\/"]}]},{"@type":"BreadcrumbList","@id":"https:\/\/waldoradofestival.de\/2023\/anreise\/#breadcrumb","itemListElement":[{"@type":"ListItem","position":1,"name":"Startseite","item":"https:\/\/waldoradofestival.de\/2023\/"},{"@type":"ListItem","position":2,"name":"Anreise"}]},{"@type":"WebSite","@id":"https:\/\/waldoradofestival.de\/2023\/#website","url":"https:\/\/waldoradofestival.de\/2023\/","name":"Waldorado Festival","description":"Familienkultur in der Natur \u2013 26.-27.08.2023 in Buckow","potentialAction":[{"@type":"SearchAction","target":{"@type":"EntryPoint","urlTemplate":"https:\/\/waldoradofestival.de\/2023\/?s={search_term_string}"},"query-input":{"@type":"PropertyValueSpecification","valueRequired":true,"valueName":"search_term_string"}}],"inLanguage":"de"}]}},"_links":{"self":[{"href":"https:\/\/waldoradofestival.de\/2023\/wp-json\/wp\/v2\/pages\/959","targetHints":{"allow":["GET"]}}],"collection":[{"href":"https:\/\/waldoradofestival.de\/2023\/wp-json\/wp\/v2\/pages"}],"about":[{"href":"https:\/\/waldoradofestival.de\/2023\/wp-json\/wp\/v2\/types\/page"}],"author":[{"embeddable":true,"href":"https:\/\/waldoradofestival.de\/2023\/wp-json\/wp\/v2\/users\/1"}],"replies":[{"embeddable":true,"href":"https:\/\/waldoradofestival.de\/2023\/wp-json\/wp\/v2\/comments?post=959"}],"version-history":[{"count":38,"href":"https:\/\/waldoradofestival.de\/2023\/wp-json\/wp\/v2\/pages\/959\/revisions"}],"predecessor-version":[{"id":2832,"href":"https:\/\/waldoradofestival.de\/2023\/wp-json\/wp\/v2\/pages\/959\/revisions\/2832"}],"wp:attachment":[{"href":"https:\/\/waldoradofestival.de\/2023\/wp-json\/wp\/v2\/media?parent=959"}],"curies":[{"name":"wp","href":"https:\/\/api.w.org\/{rel}","templated":true}]}}